{"id":525,"date":"2017-05-29T20:53:56","date_gmt":"2017-05-30T00:53:56","guid":{"rendered":"https:\/\/atelierortho.com\/?page_id=525\/"},"modified":"2024-10-25T06:32:19","modified_gmt":"2024-10-25T10:32:19","slug":"contact","status":"publish","type":"page","link":"https:\/\/atelierortho.com\/fr\/contact\/","title":{"rendered":"Contact"},"content":{"rendered":"<div class=\"wpb-content-wrapper\"><p>[vc_row css_animation=\u00a0\u00bb\u00a0\u00bb row_type=\u00a0\u00bbrow\u00a0\u00bb use_row_as_full_screen_section=\u00a0\u00bbno\u00a0\u00bb type=\u00a0\u00bbfull_width\u00a0\u00bb angled_section=\u00a0\u00bbno\u00a0\u00bb text_align=\u00a0\u00bbleft\u00a0\u00bb background_image_as_pattern=\u00a0\u00bbwithout_pattern\u00a0\u00bb css=\u00a0\u00bb.vc_custom_1494281613921{padding-top: 80px !important;padding-bottom: 20px !important;background-color: #ffffff !important;}\u00a0\u00bb][vc_column][vc_row_inner row_type=\u00a0\u00bbrow\u00a0\u00bb type=\u00a0\u00bbgrid\u00a0\u00bb text_align=\u00a0\u00bbleft\u00a0\u00bb css_animation=\u00a0\u00bb\u00a0\u00bb css=\u00a0\u00bb.vc_custom_1494283541918{padding-bottom: 40px !important;}\u00a0\u00bb][vc_column_inner][vc_column_text]<\/p>\n<h2 style=\"text-align: left;\">Nos <strong>coordonn\u00e9es<\/strong><\/h2>\n<p>[\/vc_column_text][\/vc_column_inner][\/vc_row_inner][vc_row_inner row_type=\u00a0\u00bbrow\u00a0\u00bb type=\u00a0\u00bbgrid\u00a0\u00bb text_align=\u00a0\u00bbleft\u00a0\u00bb css_animation=\u00a0\u00bb\u00a0\u00bb][vc_column_inner width=\u00a0\u00bb1\/2&Prime;][vc_column_text]<\/p>\n<h5>Atelier Ortho<\/h5>\n<p>[\/vc_column_text][vc_empty_space height=\u00a0\u00bb20px\u00a0\u00bb][vc_raw_html]JTNDZGl2JTIwc3R5bGUlM0QlMjJwYWRkaW5nLWxlZnQlM0ElMjAyNnB4JTNCJTIyJTNFJTNDcCUzRSUzQ2klMjBjbGFzcyUzRCUyMnFvZGVfaWNvbl9mb250X2F3ZXNvbWUlMjBmYSUyMGZhLW1hcC1tYXJrZXIlMjBpY29uX2Zvb3RlciUyMiUzRSUzQyUyRkklM0U0NTAzJTIwQm91bGV2YXJkJTIwU2FpbnQtSmVhbiUzQ2JyJTJGJTNFJTBBJTAzU3VpdGUlMjAyMDElMDMlM0NiciUyRiUzRSUwQURvbGxhcmQtZGVzLU9ybWVhdXglM0NiciUyRiUzRSUwQVFDJTJDJTIwSDlIJTIwMkE0JTNDYnIlMkYlM0UlMEElM0MlMkZwJTNFJTBBJTBBJTNDcCUzRSUzQ2ElMjBzdHlsZSUzRCUyMmNvbG9yJTNBJTIwJTIzODE4MTgxJTNCJTIyJTIwaHJlZiUzRCUyMnRlbCUzQTUxNC02MjQtODg4OCUyMiUzRSUzQ2klMjBjbGFzcyUzRCUyMnFvZGVfaWNvbl9mb250X2F3ZXNvbWUlMjBmYSUyMGZhLXBob25lJTIwaWNvbl9mb290ZXIlMjIlM0UlM0MlMkZpJTNFVCUzQSUyMDUxNC02MjQtODg4OCUzQyUyRmElM0UlM0MlMkZwJTNFJTBBJTBBJTNDcCUzRSUzQ2klMjBjbGFzcyUzRCUyMnFvZGVfaWNvbl9mb250X2F3ZXNvbWUlMjBmYSUyMGZhLWZheCUyMGljb25fZm9vdGVyJTIyJTNFJTNDJTJGaSUzRUYlM0ElMjA1MTQtNjI0LTE4MTglM0MlMkZwJTNFJTBBJTBBJTNDcCUzRSUzQ2ElMjBzdHlsZSUzRCUyMmNvbG9yJTNBJTIwJTIzODE4MTgxJTNCJTIyJTIwaHJlZiUzRCUyMm1haWx0byUzQWluZm8lNDBhdGVsaWVyb3J0aG8uY29tJTIyJTNFJTNDaSUyMGNsYXNzJTNEJTIycW9kZV9pY29uX2ZvbnRfYXdlc29tZSUyMGZhJTIwZmEtZW52ZWxvcGUlMjBpY29uX2Zvb3RlciUyMiUzRSUzQyUyRmklM0VpbmZvJTQwYXRlbGllcm9ydGhvLmNvbSUzQyUyRmElM0UlM0MlMkZwJTNFJTBBJTNDJTJGZGl2JTNF[\/vc_raw_html][vc_empty_space height=\u00a0\u00bb30px\u00a0\u00bb][vc_column_text]<\/p>\n<h5>Heures d&rsquo;ouverture:<\/h5>\n<p><strong>Lundi\u00a0&#8211; jeudi:\u00a0<\/strong><br \/>\n8h00 \u00e0 17h00<\/p>\n<p>La clinique est ferm\u00e9e les vendredis.[\/vc_column_text][vc_empty_space height=\u00a0\u00bb60px\u00a0\u00bb][\/vc_column_inner][vc_column_inner width=\u00a0\u00bb1\/2&Prime;][vc_column_text]<\/p>\n<h5>Envoyez-nous un message<\/h5>\n<p>[\/vc_column_text][vc_empty_space height=\u00a0\u00bb20px\u00a0\u00bb]\n<div class=\"wpcf7 no-js\" id=\"wpcf7-f527-o1\" lang=\"en-CA\" dir=\"ltr\" data-wpcf7-id=\"527\">\n<div class=\"screen-reader-response\"><p role=\"status\" aria-live=\"polite\" aria-atomic=\"true\"><\/p> <ul><\/ul><\/div>\n<form action=\"\/fr\/wp-json\/wp\/v2\/pages\/525#wpcf7-f527-o1\" method=\"post\" class=\"wpcf7-form init default\" aria-label=\"Contact form\" novalidate=\"novalidate\" data-status=\"init\">\n<fieldset class=\"hidden-fields-container\"><input type=\"hidden\" name=\"_wpcf7\" value=\"527\" \/><input type=\"hidden\" name=\"_wpcf7_version\" value=\"6.1.5\" \/><input type=\"hidden\" name=\"_wpcf7_locale\" value=\"en_CA\" \/><input type=\"hidden\" name=\"_wpcf7_unit_tag\" value=\"wpcf7-f527-o1\" \/><input type=\"hidden\" name=\"_wpcf7_container_post\" value=\"0\" \/><input type=\"hidden\" name=\"_wpcf7_posted_data_hash\" value=\"\" \/><input type=\"hidden\" name=\"_wpcf7_recaptcha_response\" value=\"\" \/>\n<\/fieldset>\n<p><span class=\"wpcf7-form-control-wrap\" data-name=\"your-name\"><input size=\"40\" maxlength=\"400\" class=\"wpcf7-form-control wpcf7-text wpcf7-validates-as-required\" aria-required=\"true\" aria-invalid=\"false\" placeholder=\"Votre Nom*\" value=\"\" type=\"text\" name=\"your-name\" \/><\/span><br \/>\n<span class=\"wpcf7-form-control-wrap\" data-name=\"your-email\"><input size=\"40\" maxlength=\"400\" class=\"wpcf7-form-control wpcf7-email wpcf7-validates-as-required wpcf7-text wpcf7-validates-as-email\" aria-required=\"true\" aria-invalid=\"false\" placeholder=\"Votre Courriel*\" value=\"\" type=\"email\" name=\"your-email\" \/><\/span><br \/>\n<span class=\"wpcf7-form-control-wrap\" data-name=\"your-tel\"><input size=\"40\" maxlength=\"400\" class=\"wpcf7-form-control wpcf7-tel wpcf7-text wpcf7-validates-as-tel\" aria-invalid=\"false\" placeholder=\"T\u00e9l\u00e9phone\" value=\"\" type=\"tel\" name=\"your-tel\" \/><\/span><br \/>\n<span class=\"wpcf7-form-control-wrap\" data-name=\"your-subject\"><input size=\"40\" maxlength=\"400\" class=\"wpcf7-form-control wpcf7-text wpcf7-validates-as-required\" aria-required=\"true\" aria-invalid=\"false\" placeholder=\"Sujet*\" value=\"\" type=\"text\" name=\"your-subject\" \/><\/span><br \/>\n<span class=\"wpcf7-form-control-wrap\" data-name=\"your-message\"><textarea cols=\"40\" rows=\"10\" maxlength=\"2000\" class=\"wpcf7-form-control wpcf7-textarea wpcf7-validates-as-required\" aria-required=\"true\" aria-invalid=\"false\" placeholder=\"Message*\" name=\"your-message\"><\/textarea><\/span><br \/>\n<br \/>\n<input class=\"wpcf7-form-control wpcf7-submit has-spinner\" type=\"submit\" value=\"Envoyer\" \/>\n<\/p><input type='hidden' class='wpcf7-pum' value='{\"closepopup\":false,\"closedelay\":0,\"openpopup\":false,\"openpopup_id\":0}' \/><div class=\"wpcf7-response-output\" aria-hidden=\"true\"><\/div>\n<\/form>\n<\/div>\n[vc_empty_space height=\u00a0\u00bb60px\u00a0\u00bb][\/vc_column_inner][\/vc_row_inner][\/vc_column][\/vc_row][vc_row css_animation=\u00a0\u00bb\u00a0\u00bb row_type=\u00a0\u00bbrow\u00a0\u00bb use_row_as_full_screen_section=\u00a0\u00bbno\u00a0\u00bb type=\u00a0\u00bbfull_width\u00a0\u00bb angled_section=\u00a0\u00bbno\u00a0\u00bb text_align=\u00a0\u00bbleft\u00a0\u00bb background_image_as_pattern=\u00a0\u00bbwithout_pattern\u00a0\u00bb][vc_column][vc_row_inner row_type=\u00a0\u00bbrow\u00a0\u00bb type=\u00a0\u00bbfull_width\u00a0\u00bb text_align=\u00a0\u00bbleft\u00a0\u00bb css_animation=\u00a0\u00bb\u00a0\u00bb][vc_column_inner][vc_raw_html]JTNDc2NyaXB0JTIwdHlwZSUzRCUyMnRleHQlMkZqYXZhc2NyaXB0JTIyJTIwc3JjJTNEJTIyaHR0cHMlM0ElMkYlMkZtYXBzLmdvb2dsZWFwaXMuY29tJTJGbWFwcyUyRmFwaSUyRmpzJTNGdiUzRDMuZXhwJTI2c2Vuc29yJTNEZmFsc2UlMjZsaWJyYXJpZXMlM0RwbGFjZXMlMjZrZXklM0RBSXphU3lEY0k4cnNqd3plbU0xWkFfSC1SUjNsYllMMzZfbWxPVWslMjIlM0UlM0MlMkZzY3JpcHQlM0UlMDklMDklMEElM0NzY3JpcHQlMjB0eXBlJTNEJTIydGV4dCUyRmphdmFzY3JpcHQlMjIlMjBjaGFyc2V0JTNEJTIydXRmLTglMjIlMjBzcmMlM0QlMjJodHRwJTNBJTJGJTJGbHV4eXdlYi5jb20lMkZhdGVsaWVyb3J0aG8lMkZ3cC1jb250ZW50JTJGdGhlbWVzJTJGYnJpZGdlLWNoaWxkJTJGYWR2YW5jZWRfbWFwJTJGaW5mb2J1YmJsZS1jb21waWxlZC5qcyUyMiUzRSUzQyUyRnNjcmlwdCUzRSUwQSUwOSUwOSUzQ3NjcmlwdCUyMHR5cGUlM0QlMjJ0ZXh0JTJGamF2YXNjcmlwdCUyMiUyMHNyYyUzRCUyMmh0dHAlM0ElMkYlMkZsdXh5d2ViLmNvbSUyRmF0ZWxpZXJvcnRobyUyRndwLWNvbnRlbnQlMkZ0aGVtZXMlMkZicmlkZ2UtY2hpbGQlMkZhZHZhbmNlZF9tYXAlMkZzdG9yZS1sb2NhdG9yLm1pbi5qcyUyMiUzRSUzQyUyRnNjcmlwdCUzRSUwQSUwOSUwOSUzQ3NjcmlwdCUyMHNyYyUzRCUyMmh0dHAlM0ElMkYlMkZsdXh5d2ViLmNvbSUyRmF0ZWxpZXJvcnRobyUyRndwLWNvbnRlbnQlMkZ0aGVtZXMlMkZicmlkZ2UtY2hpbGQlMkZhZHZhbmNlZF9tYXAlMkZzdG9yZV9saXN0LXN0YXRpYy1kcy5qcyUyMiUyMHR5cGUlM0QlMjJ0ZXh0JTJGamF2YXNjcmlwdCUyMiUzRSUzQyUyRnNjcmlwdCUzRSUwQSUwOSUwOSUzQ3NjcmlwdCUyMHNyYyUzRCUyMmh0dHAlM0ElMkYlMkZsdXh5d2ViLmNvbSUyRmF0ZWxpZXJvcnRobyUyRndwLWNvbnRlbnQlMkZ0aGVtZXMlMkZicmlkZ2UtY2hpbGQlMkZhZHZhbmNlZF9tYXAlMkZjdXN0b21fbWFwLmpzJTIyJTIwdHlwZSUzRCUyMnRleHQlMkZqYXZhc2NyaXB0JTIyJTNFJTNDJTJGc2NyaXB0JTNFJTBBJTA5JTA5JTNDbGluayUyMHJlbCUzRCUyMnN0eWxlc2hlZXQlMjIlMjB0eXBlJTNEJTIydGV4dCUyRmNzcyUyMiUyMGhyZWYlM0QlMjJodHRwJTNBJTJGJTJGbHV4eXdlYi5jb20lMkZhdGVsaWVyb3J0aG8lMkZ3cC1jb250ZW50JTJGdGhlbWVzJTJGYnJpZGdlLWNoaWxkJTJGYWR2YW5jZWRfbWFwJTJGc3RvcmVfbG9jYXRvci5jc3MlMjIlM0UlMEElM0NkaXYlMjBjbGFzcyUzRCUyMnN0b3JlX2xvY2F0b3Jfd3JhcHBlciUyMiUzRSUwOSUwOSUwOSUwQSUzQ2RpdiUyMGlkJTNEJTIybWFwLWNhbnZhcyUyMiUzRSUzQyUyRmRpdiUzRSUwQSUzQ2RpdiUyMGlkJTNEJTIycGFuZWwlMjIlMjBjbGFzcyUzRCUyMmNsb3NlZF9wYW5lbCUyMiUzRSUzQyUyRmRpdiUzRSUwQSUzQyUyRmRpdiUzRQ==[\/vc_raw_html][\/vc_column_inner][\/vc_row_inner][\/vc_column][\/vc_row][vc_row css_animation=\u00a0\u00bb\u00a0\u00bb row_type=\u00a0\u00bbrow\u00a0\u00bb use_row_as_full_screen_section=\u00a0\u00bbno\u00a0\u00bb type=\u00a0\u00bbfull_width\u00a0\u00bb angled_section=\u00a0\u00bbno\u00a0\u00bb text_align=\u00a0\u00bbleft\u00a0\u00bb background_image_as_pattern=\u00a0\u00bbwithout_pattern\u00a0\u00bb el_class=\u00a0\u00bbgradient_bg white_text\u00a0\u00bb][vc_column][vc_row_inner row_type=\u00a0\u00bbrow\u00a0\u00bb type=\u00a0\u00bbgrid\u00a0\u00bb text_align=\u00a0\u00bbleft\u00a0\u00bb css_animation=\u00a0\u00bb\u00a0\u00bb css=\u00a0\u00bb.vc_custom_1494282148436{padding-top: 80px !important;padding-bottom: 70px !important;}\u00a0\u00bb][vc_column_inner][vc_column_text]<\/p>\n<h5><strong>Urgences<\/strong><\/h5>\n<p>Veuillez appeler imm\u00e9diatement en cas d\u2019inconfort inhabituel ou si un appareil est desserr\u00e9 ou bris\u00e9. Si le bureau est ferm\u00e9, veuillez contacter votre dentiste ou un dentiste d&rsquo;urgence. Si vous vous pr\u00e9sentez sans nous avoir pr\u00e9venus \u00e0 l\u2019avance, il pourrait y avoir de l\u2019attente ou nous pourrions devoir reprogrammer la r\u00e9paration de l&rsquo;appareil. Nous devons \u00eatre inform\u00e9s \u00e0 l&rsquo;avance si vous venez avec un appareil endommag\u00e9 afin de pr\u00e9voir le temps n\u00e9cessaire pour le r\u00e9parer.[\/vc_column_text][\/vc_column_inner][\/vc_row_inner][\/vc_column][\/vc_row]<\/p>\n<\/div>","protected":false},"excerpt":{"rendered":"<p>[vc_row css_animation=\u00a0\u00bb\u00a0\u00bb row_type=\u00a0\u00bbrow\u00a0\u00bb use_row_as_full_screen_section=\u00a0\u00bbno\u00a0\u00bb type=\u00a0\u00bbfull_width\u00a0\u00bb angled_section=\u00a0\u00bbno\u00a0\u00bb text_align=\u00a0\u00bbleft\u00a0\u00bb background_image_as_pattern=\u00a0\u00bbwithout_pattern\u00a0\u00bb css=\u00a0\u00bb.vc_custom_1494281613921{padding-top: 80px !important;padding-bottom: 20px !important;background-color: #ffffff !important;}\u00a0\u00bb][vc_column][vc_row_inner row_type=\u00a0\u00bbrow\u00a0\u00bb type=\u00a0\u00bbgrid\u00a0\u00bb text_align=\u00a0\u00bbleft\u00a0\u00bb css_animation=\u00a0\u00bb\u00a0\u00bb css=\u00a0\u00bb.vc_custom_1494283541918{padding-bottom: 40px !important;}\u00a0\u00bb][vc_column_inner][vc_column_text] Nos coordonn\u00e9es [\/vc_column_text][\/vc_column_inner][\/vc_row_inner][vc_row_inner row_type=\u00a0\u00bbrow\u00a0\u00bb type=\u00a0\u00bbgrid\u00a0\u00bb text_align=\u00a0\u00bbleft\u00a0\u00bb css_animation=\u00a0\u00bb\u00a0\u00bb][vc_column_inner width=\u00a0\u00bb1\/2&Prime;][vc_column_text] Atelier Ortho [\/vc_column_text][vc_empty_space height=\u00a0\u00bb20px\u00a0\u00bb][vc_raw_html]JTNDZGl2JTIwc3R5bGUlM0QlMjJwYWRkaW5nLWxlZnQlM0ElMjAyNnB4JTNCJTIyJTNFJTNDcCUzRSUzQ2klMjBjbGFzcyUzRCUyMnFvZGVfaWNvbl9mb250X2F3ZXNvbWUlMjBmYSUyMGZhLW1hcC1tYXJrZXIlMjBpY29uX2Zvb3RlciUyMiUzRSUzQyUyRkklM0U0NTAzJTIwQm91bGV2YXJkJTIwU2FpbnQtSmVhbiUzQ2JyJTJGJTNFJTBBJTAzU3VpdGUlMjAyMDElMDMlM0NiciUyRiUzRSUwQURvbGxhcmQtZGVzLU9ybWVhdXglM0NiciUyRiUzRSUwQVFDJTJDJTIwSDlIJTIwMkE0JTNDYnIlMkYlM0UlMEElM0MlMkZwJTNFJTBBJTBBJTNDcCUzRSUzQ2ElMjBzdHlsZSUzRCUyMmNvbG9yJTNBJTIwJTIzODE4MTgxJTNCJTIyJTIwaHJlZiUzRCUyMnRlbCUzQTUxNC02MjQtODg4OCUyMiUzRSUzQ2klMjBjbGFzcyUzRCUyMnFvZGVfaWNvbl9mb250X2F3ZXNvbWUlMjBmYSUyMGZhLXBob25lJTIwaWNvbl9mb290ZXIlMjIlM0UlM0MlMkZpJTNFVCUzQSUyMDUxNC02MjQtODg4OCUzQyUyRmElM0UlM0MlMkZwJTNFJTBBJTBBJTNDcCUzRSUzQ2klMjBjbGFzcyUzRCUyMnFvZGVfaWNvbl9mb250X2F3ZXNvbWUlMjBmYSUyMGZhLWZheCUyMGljb25fZm9vdGVyJTIyJTNFJTNDJTJGaSUzRUYlM0ElMjA1MTQtNjI0LTE4MTglM0MlMkZwJTNFJTBBJTBBJTNDcCUzRSUzQ2ElMjBzdHlsZSUzRCUyMmNvbG9yJTNBJTIwJTIzODE4MTgxJTNCJTIyJTIwaHJlZiUzRCUyMm1haWx0byUzQWluZm8lNDBhdGVsaWVyb3J0aG8uY29tJTIyJTNFJTNDaSUyMGNsYXNzJTNEJTIycW9kZV9pY29uX2ZvbnRfYXdlc29tZSUyMGZhJTIwZmEtZW52ZWxvcGUlMjBpY29uX2Zvb3RlciUyMiUzRSUzQyUyRmklM0VpbmZvJTQwYXRlbGllcm9ydGhvLmNvbSUzQyUyRmElM0UlM0MlMkZwJTNFJTBBJTNDJTJGZGl2JTNF[\/vc_raw_html][vc_empty_space height=\u00a0\u00bb30px\u00a0\u00bb][vc_column_text] Heures d&rsquo;ouverture: Lundi\u00a0&#8211; jeudi:\u00a0 8h00 \u00e0 17h00 La clinique est&#8230;<\/p>\n","protected":false},"author":1,"featured_media":0,"parent":0,"menu_order":0,"comment_status":"closed","ping_status":"closed","template":"full_width.php","meta":{"footnotes":""},"class_list":["post-525","page","type-page","status-publish","hentry"],"_links":{"self":[{"href":"https:\/\/atelierortho.com\/fr\/wp-json\/wp\/v2\/pages\/525","targetHints":{"allow":["GET"]}}],"collection":[{"href":"https:\/\/atelierortho.com\/fr\/wp-json\/wp\/v2\/pages"}],"about":[{"href":"https:\/\/atelierortho.com\/fr\/wp-json\/wp\/v2\/types\/page"}],"author":[{"embeddable":true,"href":"https:\/\/atelierortho.com\/fr\/wp-json\/wp\/v2\/users\/1"}],"replies":[{"embeddable":true,"href":"https:\/\/atelierortho.com\/fr\/wp-json\/wp\/v2\/comments?post=525"}],"version-history":[{"count":3,"href":"https:\/\/atelierortho.com\/fr\/wp-json\/wp\/v2\/pages\/525\/revisions"}],"predecessor-version":[{"id":1434,"href":"https:\/\/atelierortho.com\/fr\/wp-json\/wp\/v2\/pages\/525\/revisions\/1434"}],"wp:attachment":[{"href":"https:\/\/atelierortho.com\/fr\/wp-json\/wp\/v2\/media?parent=525"}],"curies":[{"name":"wp","href":"https:\/\/api.w.org\/{rel}","templated":true}]}}