{"id":531,"date":"2017-05-29T21:11:06","date_gmt":"2017-05-30T01:11:06","guid":{"rendered":"https:\/\/atelierortho.com\/?page_id=531\/"},"modified":"2024-12-09T05:03:38","modified_gmt":"2024-12-09T10:03:38","slug":"notre-expertise","status":"publish","type":"page","link":"https:\/\/atelierortho.com\/fr\/notre-expertise\/","title":{"rendered":"Notre expertise"},"content":{"rendered":"<div class=\"wpb-content-wrapper\"><p>[vc_row css_animation=\u00a0\u00bb\u00a0\u00bb row_type=\u00a0\u00bbrow\u00a0\u00bb use_row_as_full_screen_section=\u00a0\u00bbno\u00a0\u00bb type=\u00a0\u00bbfull_width\u00a0\u00bb angled_section=\u00a0\u00bbno\u00a0\u00bb text_align=\u00a0\u00bbleft\u00a0\u00bb background_image_as_pattern=\u00a0\u00bbwithout_pattern\u00a0\u00bb css=\u00a0\u00bb.vc_custom_1493699294006{padding-top: 75px !important;padding-bottom: 35px !important;}\u00a0\u00bb][vc_column][vc_row_inner row_type=\u00a0\u00bbrow\u00a0\u00bb type=\u00a0\u00bbgrid\u00a0\u00bb text_align=\u00a0\u00bbleft\u00a0\u00bb css_animation=\u00a0\u00bb\u00a0\u00bb][vc_column_inner width=\u00a0\u00bb3\/4&Prime;][vc_column_text css=\u00a0\u00bb\u00a0\u00bb]Nous sommes conscientes que chaque patient \u00e0 des besoins diff\u00e9rents. C\u2019est avec fiert\u00e9 que nous proposons un service professionnel et attentif \u00e0 tous ceux qui viennent nous rencontrer.<\/p>\n<p>Que vous soyez un adulte, un adolescent ou un enfant, nos orthodontists et toute l\u2019\u00e9quipe d \u2019Atelier Ortho, sont l\u00e0 pour vous aider \u00e0 am\u00e9liorer votre sant\u00e9 bucco-dentaire et avoir un sourire \u00e9clatant.<\/p>\n<p>[\/vc_column_text][vc_empty_space height=\u00a0\u00bb40px\u00a0\u00bb][\/vc_column_inner][vc_column_inner width=\u00a0\u00bb1\/4&Prime;][vc_empty_space height=\u00a0\u00bb10px\u00a0\u00bb][vc_single_image image=\u00a0\u00bb223&Prime; img_size=\u00a0\u00bbfull\u00a0\u00bb alignment=\u00a0\u00bbcenter\u00a0\u00bb qode_css_animation=\u00a0\u00bb\u00a0\u00bb el_class=\u00a0\u00bbour_pratice_icon\u00a0\u00bb][\/vc_column_inner][\/vc_row_inner][\/vc_column][\/vc_row][vc_row css_animation=\u00a0\u00bb\u00a0\u00bb row_type=\u00a0\u00bbrow\u00a0\u00bb use_row_as_full_screen_section=\u00a0\u00bbno\u00a0\u00bb type=\u00a0\u00bbfull_width\u00a0\u00bb angled_section=\u00a0\u00bbno\u00a0\u00bb text_align=\u00a0\u00bbleft\u00a0\u00bb background_image_as_pattern=\u00a0\u00bbwithout_pattern\u00a0\u00bb anchor=\u00a0\u00bbdocteurs\u00a0\u00bb css=\u00a0\u00bb.vc_custom_1496156440181{padding-top: 75px !important;padding-bottom: 20px !important;background-color: #ffffff !important;}\u00a0\u00bb][vc_column][vc_row_inner row_type=\u00a0\u00bbrow\u00a0\u00bb type=\u00a0\u00bbgrid\u00a0\u00bb text_align=\u00a0\u00bbleft\u00a0\u00bb css_animation=\u00a0\u00bb\u00a0\u00bb css=\u00a0\u00bb.vc_custom_1493686132227{padding-bottom: 40px !important;}\u00a0\u00bb][vc_column_inner][vc_column_text]<\/p>\n<h2>Les\u00a0<strong>docteurs\u00a0<\/strong><\/h2>\n<p>[\/vc_column_text][\/vc_column_inner][\/vc_row_inner][vc_row_inner row_type=\u00a0\u00bbrow\u00a0\u00bb type=\u00a0\u00bbgrid\u00a0\u00bb text_align=\u00a0\u00bbleft\u00a0\u00bb css_animation=\u00a0\u00bb\u00a0\u00bb][vc_column_inner width=\u00a0\u00bb1\/3&Prime;][vc_single_image image=\u00a0\u00bb806&Prime; img_size=\u00a0\u00bbfull\u00a0\u00bb alignment=\u00a0\u00bbcenter\u00a0\u00bb onclick=\u00a0\u00bblink_image\u00a0\u00bb qode_css_animation=\u00a0\u00bb\u00a0\u00bb el_class=\u00a0\u00bbteam_dr_photo\u00a0\u00bb][vc_empty_space height=\u00a0\u00bb25px\u00a0\u00bb][vc_column_text css=\u00a0\u00bb\u00a0\u00bb]<strong>Dre Emily Santini<\/strong><\/p>\n<p>Dre Emily Santini a obtenu son dipl\u00f4me en m\u00e9decine dentaire de l\u2019Universit\u00e9 de Montr\u00e9al en 2015. S\u00e9lectionn\u00e9 pour compl\u00e9ter un programme sp\u00e9cialis\u00e9 en p\u00e9diatrie \u00e0 l\u2019H\u00f4pital de Sainte-Justine, elle a eu le plaisir d\u2019exercer aupr\u00e8s d\u2019une client\u00e8le de jeunes enfants et d\u2019adolescents. Elle a ensuite poursuivi un programme de r\u00e9sidence en pratique g\u00e9n\u00e9rale \u00e0 l\u2019Universit\u00e9 McGill, o\u00f9 elle a pris en charge et a trait\u00e9 des patients adultes n\u00e9cessitant une attention fonctionnelle et esth\u00e9tique approfondie. Ce qui lui a valu le prix de distinction de l\u2019ann\u00e9e 2016.<\/p>\n<p>Ce parcours l\u2019am\u00e8ne \u00e0 retourner \u00e0 l\u2019Universit\u00e9 de Montr\u00e9al pour poursuivre sa passion pour l\u2019orthodontie. Elle graduera de sa formation sp\u00e9cialis\u00e9e en orthodontie avec honneurs en 2019. Sa th\u00e8se de ma\u00eetrise lui a \u00e9galement permis de traiter des patients souffrant d\u2019apn\u00e9e obstructive du sommeil.<\/p>\n<p>Ayant grandi dans l\u2019Ouest-de-l\u2019\u00cele, elle est fi\u00e8re d\u2019en choisir son lieu de pratique et de servir sa communaut\u00e9.[\/vc_column_text][vc_empty_space height=\u00a0\u00bb60px\u00a0\u00bb][\/vc_column_inner][vc_column_inner width=\u00a0\u00bb1\/3&Prime;][vc_single_image image=\u00a0\u00bb792&Prime; img_size=\u00a0\u00bbfull\u00a0\u00bb alignment=\u00a0\u00bbcenter\u00a0\u00bb onclick=\u00a0\u00bblink_image\u00a0\u00bb qode_css_animation=\u00a0\u00bb\u00a0\u00bb el_class=\u00a0\u00bbteam_dr_photo\u00a0\u00bb][vc_empty_space height=\u00a0\u00bb25px\u00a0\u00bb][vc_column_text]<strong>Dr. Jeremie Abikhzer<\/strong><\/p>\n<p>Apr\u00e8s avoir obtenu son dipl\u00f4me en m\u00e9decine dentaire de l\u2019Universit\u00e9 de Montr\u00e9al en 2013, le Dr Jeremie Abikhzer a compl\u00e9t\u00e9 un programme de r\u00e9sidence g\u00e9n\u00e9rale \u00e0 l\u2019H\u00f4pital G\u00e9n\u00e9ral Juif, lequel \u00e9tait affili\u00e9 avec l\u2019Universit\u00e9 McGill. Il est ensuite retourn\u00e9 \u00e0 l\u2019Universit\u00e9 de Montr\u00e9al pour poursuivre sa sp\u00e9cialit\u00e9 en orthodontie. Le prix Charley Schultz de l\u2019Association am\u00e9ricaine des orthodontistes et le Invisalign Gallery University Challenge figurent parmi les nombreux prix qu\u2019il a re\u00e7us.<\/p>\n<p>Sa th\u00e8se de ma\u00eetrise s\u2019est concentr\u00e9e sur la pr\u00e9valence des malocclusions dentaires chez les enfants souffrant de troubles respiratoires du sommeil. Sa th\u00e8se lui a valu les prestigieuses bourses IRSC et FRSQ. Le Dr Jeremie Abikhzer est actuellement membre du personnel enseignant de l\u2019Universit\u00e9 de Montr\u00e9al o\u00f9 il enseigne aux r\u00e9sidents en orthodontie. Il a \u00e9galement compl\u00e9t\u00e9 un Fellowship en orthodontie lui ayant valu le titre de Fellow du Coll\u00e8ge Royal des dentistes du Canada.<br \/>\n[\/vc_column_text][vc_empty_space height=\u00a0\u00bb60px\u00a0\u00bb][\/vc_column_inner][vc_column_inner width=\u00a0\u00bb1\/3&Prime;][vc_single_image image=\u00a0\u00bb827&Prime; img_size=\u00a0\u00bbfull\u00a0\u00bb alignment=\u00a0\u00bbcenter\u00a0\u00bb onclick=\u00a0\u00bblink_image\u00a0\u00bb qode_css_animation=\u00a0\u00bb\u00a0\u00bb el_class=\u00a0\u00bbteam_dr_photo\u00a0\u00bb][vc_empty_space height=\u00a0\u00bb25px\u00a0\u00bb][vc_column_text]<strong>Dr. Jack Turkewicz <\/strong><\/p>\n<p>Le Dr Jack Turkewicz a obtenu son dipl\u00f4me en m\u00e9decine dentaire de l\u2019Universit\u00e9 McGill en 1977 et sa ma\u00eetrise en orthodontie de l\u2019Universit\u00e9 du Connecticut en 1981. Depuis, il est professeur au D\u00e9partement d\u2019orthodontie \u00e0 la Facult\u00e9 de m\u00e9decine dentaire de l\u2019Universit\u00e9 de Montr\u00e9al, et il \u00e9tait Directeur de D\u00e9partement de sant\u00e9 buccale entre 2009 et 2021. Il \u00e9tait aussi Pr\u00e9sident d\u2019Alpha Omega-Mount Royal Dental Society et de l\u2019Association des orthodontistes du Qu\u00e9bec[\/vc_column_text][vc_empty_space height=\u00a0\u00bb60px\u00a0\u00bb][\/vc_column_inner][\/vc_row_inner][vc_row_inner row_type=\u00a0\u00bbrow\u00a0\u00bb type=\u00a0\u00bbgrid\u00a0\u00bb text_align=\u00a0\u00bbleft\u00a0\u00bb css_animation=\u00a0\u00bb\u00a0\u00bb][vc_column_inner width=\u00a0\u00bb1\/3&Prime;][vc_single_image image=\u00a0\u00bb172&Prime; img_size=\u00a0\u00bbfull\u00a0\u00bb alignment=\u00a0\u00bbcenter\u00a0\u00bb onclick=\u00a0\u00bblink_image\u00a0\u00bb qode_css_animation=\u00a0\u00bb\u00a0\u00bb el_class=\u00a0\u00bbteam_dr_photo\u00a0\u00bb][vc_empty_space height=\u00a0\u00bb25px\u00a0\u00bb][vc_column_text]<strong>Dr. Louis Fronenberg &#8211; Retrait\u00e9<\/strong><\/p>\n<p>Dre Emily Santini a d\u00e9but\u00e9 sa carri\u00e8re aux c\u00f4t\u00e9s du Dr Louis Fronenberg, jusqu&rsquo;\u00e0 sa retraite en 2022. Au fil des ans, Atelier Ortho s\u2019est forg\u00e9 une r\u00e9putation en tant que source de confiance pour les soins orthodontiques sur l\u2019Ouest-de-l\u2019\u00cele. Les retours extr\u00eamement positifs de nos patients t\u00e9moignent de la qualit\u00e9 de nos traitements et nous sommes fiers de faire en sorte que chacun se sente comme un membre de la famille AO![\/vc_column_text][vc_empty_space height=\u00a0\u00bb60px\u00a0\u00bb][vc_empty_space height=\u00a0\u00bb25px\u00a0\u00bb][\/vc_column_inner][vc_column_inner width=\u00a0\u00bb1\/3&Prime;][\/vc_column_inner][vc_column_inner width=\u00a0\u00bb1\/3&Prime;][\/vc_column_inner][\/vc_row_inner][\/vc_column][\/vc_row][vc_row css_animation=\u00a0\u00bb\u00a0\u00bb row_type=\u00a0\u00bbrow\u00a0\u00bb use_row_as_full_screen_section=\u00a0\u00bbno\u00a0\u00bb type=\u00a0\u00bbfull_width\u00a0\u00bb angled_section=\u00a0\u00bbno\u00a0\u00bb text_align=\u00a0\u00bbleft\u00a0\u00bb background_image_as_pattern=\u00a0\u00bbwithout_pattern\u00a0\u00bb css=\u00a0\u00bb.vc_custom_1493679065703{background-color: #ffffff !important;}\u00a0\u00bb el_class=\u00a0\u00bbgradient_bg white_text\u00a0\u00bb][vc_column][vc_row_inner row_type=\u00a0\u00bbrow\u00a0\u00bb type=\u00a0\u00bbgrid\u00a0\u00bb text_align=\u00a0\u00bbcenter\u00a0\u00bb css_animation=\u00a0\u00bb\u00a0\u00bb css=\u00a0\u00bb.vc_custom_1493679017238{padding-top: 80px !important;padding-bottom: 80px !important;}\u00a0\u00bb][vc_column_inner][vc_column_text]<\/p>\n<h2 style=\"text-align: center;\">Notre\u00a0<strong>mission<\/strong><\/h2>\n<p>[\/vc_column_text][vc_empty_space height=\u00a0\u00bb30px\u00a0\u00bb][vc_column_text]<\/p>\n<p style=\"text-align: center; font-size: 16px; line-height: 26px;\">\u2022 Offrir un service des plus hauts standards de soin, en utilisant les technologies les plus avanc\u00e9es et efficaces<br \/>\n\u2022 Cr\u00e9er une esth\u00e9tique et des r\u00e9sultats extraordinaires<br \/>\n\u2022 Traiter nos patients avec compassion, int\u00e9grit\u00e9 et d\u00e9vouement<br \/>\n\u2022 Am\u00e9liorer l\u2019exp\u00e9rience d\u2019orthodontie pour tous<br \/>\n\u2022 Faire sourire nos patients de nouveau!<\/p>\n<p>[\/vc_column_text][\/vc_column_inner][\/vc_row_inner][\/vc_column][\/vc_row][vc_row css_animation=\u00a0\u00bb\u00a0\u00bb row_type=\u00a0\u00bbrow\u00a0\u00bb use_row_as_full_screen_section=\u00a0\u00bbno\u00a0\u00bb type=\u00a0\u00bbfull_width\u00a0\u00bb angled_section=\u00a0\u00bbno\u00a0\u00bb text_align=\u00a0\u00bbleft\u00a0\u00bb background_image_as_pattern=\u00a0\u00bbwithout_pattern\u00a0\u00bb anchor=\u00a0\u00bbclinique\u00a0\u00bb css=\u00a0\u00bb.vc_custom_1496156472841{background-color: #f6f6f6 !important;}\u00a0\u00bb][vc_column][vc_row_inner row_type=\u00a0\u00bbrow\u00a0\u00bb type=\u00a0\u00bbgrid\u00a0\u00bb text_align=\u00a0\u00bbleft\u00a0\u00bb css_animation=\u00a0\u00bb\u00a0\u00bb css=\u00a0\u00bb.vc_custom_1493703962407{padding-top: 80px !important;padding-right: 80px !important;padding-bottom: 90px !important;padding-left: 80px !important;}\u00a0\u00bb][vc_column_inner][vc_column_text]<\/p>\n<h2 style=\"text-align: center;\">La\u00a0<strong>clinique<\/strong><\/h2>\n<p>[\/vc_column_text][vc_empty_space height=\u00a0\u00bb50px\u00a0\u00bb][vc_column_text css=\u00a0\u00bb\u00a0\u00bb]<\/p>\n<table class=\"table_with_sidePic\" style=\"background-color: #fff;\">\n<tbody>\n<tr>\n<td class=\"sideText\" style=\"width: 50%;\">\n<div class=\"sideText_inner\">\n<p>Bienvenue chez Atelier Ortho, une clinique \u00e0 la fine pointe de la technologie.<\/p>\n<p>Nous avons hate de vous rencontrer! Le traitement orthodontique de chaque patient est unique, et nous nous engageons \u00e0 vous offrir l\u2019attention personnalis\u00e9e que vous m\u00e9ritez. Votre premi\u00e8re visite de consultation comprendra \u00e0 un examen, l\u2019identification des besoins et des options de traitements possibles. Cette visite importante permettra de r\u00e9pondre \u00e0 vos quetions, d\u2019\u00e9valuer votre besoin orthodontique et \u00e9valuer quel serait le moment id\u00e9al pour d\u00e9buter un traitement.<\/p>\n<\/div>\n<\/td>\n<td class=\"sidePic\" style=\"width: 50%; background-image: url('https:\/\/atelierortho.com\/wp-content\/uploads\/2024\/10\/at-new.jpg'); background-size: cover; background-position: center;\"><\/td>\n<\/tr>\n<\/tbody>\n<\/table>\n<p>[\/vc_column_text][vc_empty_space height=\u00a0\u00bb60px\u00a0\u00bb][vc_column_text css=\u00a0\u00bb\u00a0\u00bb]<\/p>\n<table class=\"table_with_sidePic\" style=\"background-color: #fff;\">\n<tbody>\n<tr>\n<td class=\"sidePic\" style=\"width: 50%; background-image: url('https:\/\/atelierortho.com\/wp-content\/uploads\/2024\/10\/at-new-2.jpg'); background-size: cover; background-position: center;\"><\/td>\n<td class=\"sideText\" style=\"width: 50%;\">\n<div class=\"sideText_inner\">\n<p>&nbsp;<\/p>\n<p>&nbsp;<\/p>\n<p>L\u2019\u00e9tape qui suit la consultation est la prise de donn\u00e9es diagnostiques, soit l\u2019\u00e9valuation des ant\u00e9c\u00e9dents dentaires et m\u00e9dicaux, les empreintes et les radiographies.<\/p>\n<\/div>\n<p>&nbsp;<\/p>\n<p>&nbsp;<\/p>\n<p>&nbsp;<\/p>\n<p>&nbsp;<\/td>\n<\/tr>\n<\/tbody>\n<\/table>\n<p>[\/vc_column_text][\/vc_column_inner][\/vc_row_inner][\/vc_column][\/vc_row][vc_row css_animation=\u00a0\u00bb\u00a0\u00bb row_type=\u00a0\u00bbrow\u00a0\u00bb use_row_as_full_screen_section=\u00a0\u00bbno\u00a0\u00bb type=\u00a0\u00bbfull_width\u00a0\u00bb angled_section=\u00a0\u00bbno\u00a0\u00bb text_align=\u00a0\u00bbleft\u00a0\u00bb background_image_as_pattern=\u00a0\u00bbwithout_pattern\u00a0\u00bb][vc_column][vc_gallery type=\u00a0\u00bbimage_grid\u00a0\u00bb images=\u00a0\u00bb1412,1416,1410,1418,1414&Prime; img_size=\u00a0\u00bb400&#215;400&Prime; column_number=\u00a0\u00bb5&Prime; grayscale=\u00a0\u00bbno\u00a0\u00bb images_space=\u00a0\u00bbgallery_without_space\u00a0\u00bb][\/vc_column][\/vc_row][vc_row css_animation=\u00a0\u00bb\u00a0\u00bb row_type=\u00a0\u00bbrow\u00a0\u00bb use_row_as_full_screen_section=\u00a0\u00bbno\u00a0\u00bb type=\u00a0\u00bbfull_width\u00a0\u00bb angled_section=\u00a0\u00bbno\u00a0\u00bb text_align=\u00a0\u00bbleft\u00a0\u00bb background_image_as_pattern=\u00a0\u00bbwithout_pattern\u00a0\u00bb css=\u00a0\u00bb.vc_custom_1493734435630{padding-top: 75px !important;padding-bottom: 75px !important;}\u00a0\u00bb el_class=\u00a0\u00bbgradient_bg\u00a0\u00bb][vc_column][vc_row_inner row_type=\u00a0\u00bbrow\u00a0\u00bb type=\u00a0\u00bbfull_width\u00a0\u00bb text_align=\u00a0\u00bbcenter\u00a0\u00bb css_animation=\u00a0\u00bb\u00a0\u00bb el_class=\u00a0\u00bbwhite_text\u00a0\u00bb][vc_column_inner width=\u00a0\u00bb1\/6&Prime;][\/vc_column_inner][vc_column_inner width=\u00a0\u00bb2\/3&Prime;][vc_column_text]<\/p>\n<h3 style=\"text-align: center;\"><strong>Contactez-nous d\u00e8s aujourd\u2019hui pour entamer\u00a0votre nouveau sourire!<\/strong><\/h3>\n<p>[\/vc_column_text][vc_empty_space height=\u00a0\u00bb15px\u00a0\u00bb]<a  itemprop=\"url\" href=\"https:\/\/atelierortho.com\/fr\/traitements\/\" target=\"_self\" data-hover-background-color=\"#f6f6f6\" class=\"qbutton  white default\" style=\"margin: 15px 10px; background-color:#ffffff;\">Traitements Disponibles<\/a><a id=\"consultation\" itemprop=\"url\" href=\"\" target=\"_self\" data-hover-background-color=\"#f6f6f6\" class=\"qbutton  white default\" style=\"margin: 15px 10px; background-color:#ffffff;\">Demander une consultation<\/a>[\/vc_column_inner][vc_column_inner width=\u00a0\u00bb1\/6&Prime;][\/vc_column_inner][\/vc_row_inner][\/vc_column][\/vc_row]<\/p>\n<\/div>","protected":false},"excerpt":{"rendered":"<p>[vc_row css_animation=\u00a0\u00bb\u00a0\u00bb row_type=\u00a0\u00bbrow\u00a0\u00bb use_row_as_full_screen_section=\u00a0\u00bbno\u00a0\u00bb type=\u00a0\u00bbfull_width\u00a0\u00bb angled_section=\u00a0\u00bbno\u00a0\u00bb text_align=\u00a0\u00bbleft\u00a0\u00bb background_image_as_pattern=\u00a0\u00bbwithout_pattern\u00a0\u00bb css=\u00a0\u00bb.vc_custom_1493699294006{padding-top: 75px !important;padding-bottom: 35px !important;}\u00a0\u00bb][vc_column][vc_row_inner row_type=\u00a0\u00bbrow\u00a0\u00bb type=\u00a0\u00bbgrid\u00a0\u00bb text_align=\u00a0\u00bbleft\u00a0\u00bb css_animation=\u00a0\u00bb\u00a0\u00bb][vc_column_inner width=\u00a0\u00bb3\/4&Prime;][vc_column_text css=\u00a0\u00bb\u00a0\u00bb]Nous sommes conscientes que chaque patient \u00e0 des besoins diff\u00e9rents. C\u2019est avec fiert\u00e9 que nous proposons un service professionnel et attentif \u00e0 tous ceux qui viennent nous&#8230;<\/p>\n","protected":false},"author":1,"featured_media":0,"parent":0,"menu_order":0,"comment_status":"closed","ping_status":"closed","template":"full_width.php","meta":{"footnotes":""},"class_list":["post-531","page","type-page","status-publish","hentry"],"_links":{"self":[{"href":"https:\/\/atelierortho.com\/fr\/wp-json\/wp\/v2\/pages\/531","targetHints":{"allow":["GET"]}}],"collection":[{"href":"https:\/\/atelierortho.com\/fr\/wp-json\/wp\/v2\/pages"}],"about":[{"href":"https:\/\/atelierortho.com\/fr\/wp-json\/wp\/v2\/types\/page"}],"author":[{"embeddable":true,"href":"https:\/\/atelierortho.com\/fr\/wp-json\/wp\/v2\/users\/1"}],"replies":[{"embeddable":true,"href":"https:\/\/atelierortho.com\/fr\/wp-json\/wp\/v2\/comments?post=531"}],"version-history":[{"count":3,"href":"https:\/\/atelierortho.com\/fr\/wp-json\/wp\/v2\/pages\/531\/revisions"}],"predecessor-version":[{"id":1474,"href":"https:\/\/atelierortho.com\/fr\/wp-json\/wp\/v2\/pages\/531\/revisions\/1474"}],"wp:attachment":[{"href":"https:\/\/atelierortho.com\/fr\/wp-json\/wp\/v2\/media?parent=531"}],"curies":[{"name":"wp","href":"https:\/\/api.w.org\/{rel}","templated":true}]}}