{"id":536,"date":"2017-05-29T22:06:50","date_gmt":"2017-05-30T02:06:50","guid":{"rendered":"https:\/\/atelierortho.com\/?page_id=536\/"},"modified":"2024-12-09T05:05:02","modified_gmt":"2024-12-09T10:05:02","slug":"traitements","status":"publish","type":"page","link":"https:\/\/atelierortho.com\/fr\/traitements\/","title":{"rendered":"Traitements"},"content":{"rendered":"<div class=\"wpb-content-wrapper\"><p>[vc_row css_animation=\u00a0\u00bb\u00a0\u00bb row_type=\u00a0\u00bbrow\u00a0\u00bb use_row_as_full_screen_section=\u00a0\u00bbno\u00a0\u00bb type=\u00a0\u00bbfull_width\u00a0\u00bb angled_section=\u00a0\u00bbno\u00a0\u00bb text_align=\u00a0\u00bbleft\u00a0\u00bb background_image_as_pattern=\u00a0\u00bbwithout_pattern\u00a0\u00bb css=\u00a0\u00bb.vc_custom_1493596451808{padding-top: 80px !important;padding-bottom: 40px !important;background-color: #ffffff !important;}\u00a0\u00bb][vc_column][vc_row_inner row_type=\u00a0\u00bbrow\u00a0\u00bb type=\u00a0\u00bbfull_width\u00a0\u00bb text_align=\u00a0\u00bbleft\u00a0\u00bb css_animation=\u00a0\u00bbelement_from_fade\u00a0\u00bb css=\u00a0\u00bb.vc_custom_1493596521669{padding-bottom: 40px !important;}\u00a0\u00bb][vc_column_inner][vc_column_text]<\/p>\n<h2 style=\"text-align: center;\"><strong>Traitements<\/strong> disponibles<\/h2>\n<p>[\/vc_column_text][\/vc_column_inner][\/vc_row_inner][vc_row_inner row_type=\u00a0\u00bbrow\u00a0\u00bb type=\u00a0\u00bbgrid\u00a0\u00bb text_align=\u00a0\u00bbleft\u00a0\u00bb css_animation=\u00a0\u00bbelement_from_fade\u00a0\u00bb][vc_column_inner width=\u00a0\u00bb1\/3&Prime; css=\u00a0\u00bb.vc_custom_1493596711357{padding-right: 30px !important;padding-left: 30px !important;}\u00a0\u00bb][vc_empty_space height=\u00a0\u00bb20px\u00a0\u00bb][vc_single_image image=\u00a0\u00bb93&Prime; img_size=\u00a0\u00bbfull\u00a0\u00bb alignment=\u00a0\u00bbcenter\u00a0\u00bb onclick=\u00a0\u00bbcustom_link\u00a0\u00bb qode_css_animation=\u00a0\u00bb\u00a0\u00bb qode_hover_animation=\u00a0\u00bbzoom_in\u00a0\u00bb link=\u00a0\u00bbhttps:\/\/atelierortho.com\/fr\/traitements\/invisalign\/\u00a0\u00bb el_class=\u00a0\u00bbtreatment_icon\u00a0\u00bb][vc_empty_space height=\u00a0\u00bb20px\u00a0\u00bb][vc_column_text]<\/p>\n<h5 style=\"text-align: center;\"><a href=\"https:\/\/atelierortho.com\/fr\/traitements\/invisalign\/\">Invisalign<\/a><\/h5>\n<p style=\"text-align: center;\">Le traitement Invisalign rend possible le redressement de vos dents sans fils, broches ou \u00e9lastiques. Cette technologie rend vos dents droites \u2013 sans que vous vous aperceviez de l\u2019appareil.<\/p>\n<h6 style=\"text-align: center;\"><a class=\"blue_link\" href=\"https:\/\/atelierortho.com\/fr\/traitements\/invisalign\/\">En savoir plus<\/a><\/h6>\n<p>[\/vc_column_text][vc_empty_space height=\u00a0\u00bb40px\u00a0\u00bb][\/vc_column_inner][vc_column_inner width=\u00a0\u00bb1\/3&Prime; css=\u00a0\u00bb.vc_custom_1493596716476{padding-right: 30px !important;padding-left: 30px !important;}\u00a0\u00bb][vc_empty_space height=\u00a0\u00bb20px\u00a0\u00bb][vc_single_image image=\u00a0\u00bb94&Prime; img_size=\u00a0\u00bbfull\u00a0\u00bb alignment=\u00a0\u00bbcenter\u00a0\u00bb onclick=\u00a0\u00bbcustom_link\u00a0\u00bb qode_css_animation=\u00a0\u00bb\u00a0\u00bb qode_hover_animation=\u00a0\u00bbzoom_in\u00a0\u00bb link=\u00a0\u00bbhttps:\/\/atelierortho.com\/fr\/traitements\/broches\/\u00a0\u00bb el_class=\u00a0\u00bbtreatment_icon\u00a0\u00bb][vc_empty_space height=\u00a0\u00bb20px\u00a0\u00bb][vc_column_text]<\/p>\n<h5 style=\"text-align: center;\"><a href=\"https:\/\/atelierortho.com\/fr\/traitements\/broches\/\">Broches<\/a><\/h5>\n<p style=\"text-align: center;\">Nous offrons des broches en m\u00e9tal et des broches transparentes. Nous voulons que vous choisissiez celles que vous pr\u00e9f\u00e9rez!<\/p>\n<h6 style=\"text-align: center;\"><a class=\"blue_link\" href=\"https:\/\/atelierortho.com\/fr\/traitements\/broches\/\">En savoir plus<\/a><\/h6>\n<p>[\/vc_column_text][vc_empty_space height=\u00a0\u00bb40px\u00a0\u00bb][\/vc_column_inner][vc_column_inner width=\u00a0\u00bb1\/3&Prime; css=\u00a0\u00bb.vc_custom_1493596720998{padding-right: 30px !important;padding-left: 30px !important;}\u00a0\u00bb][vc_empty_space height=\u00a0\u00bb20px\u00a0\u00bb][vc_single_image image=\u00a0\u00bb98&Prime; img_size=\u00a0\u00bbfull\u00a0\u00bb alignment=\u00a0\u00bbcenter\u00a0\u00bb onclick=\u00a0\u00bbcustom_link\u00a0\u00bb qode_css_animation=\u00a0\u00bb\u00a0\u00bb qode_hover_animation=\u00a0\u00bbzoom_in\u00a0\u00bb link=\u00a0\u00bbhttps:\/\/atelierortho.com\/fr\/traitements\/traitements-precoces\/\u00a0\u00bb el_class=\u00a0\u00bbtreatment_icon\u00a0\u00bb][vc_empty_space height=\u00a0\u00bb20px\u00a0\u00bb][vc_column_text]<\/p>\n<h5 style=\"text-align: center;\"><a href=\"https:\/\/atelierortho.com\/fr\/traitements\/traitements-precoces\/\">Traitements Pr\u00e9coces<\/a><\/h5>\n<p style=\"text-align: center;\">M\u00eame si un orthodontiste peut am\u00e9liorer un sourire peu importe l\u2019\u00e2ge du patient, il a un temps id\u00e9al pour entamer un traitement orthodontique. Un traitement pr\u00e9coce assure de meilleurs r\u00e9sultats avec les moindres co\u00fbts et d\u00e9lais.<\/p>\n<h6 style=\"text-align: center;\"><a class=\"blue_link\" href=\"https:\/\/atelierortho.com\/fr\/traitements\/traitements-precoces\/\">En savoir plus<\/a><\/h6>\n<p>[\/vc_column_text][vc_empty_space height=\u00a0\u00bb40px\u00a0\u00bb][\/vc_column_inner][\/vc_row_inner][vc_row_inner row_type=\u00a0\u00bbrow\u00a0\u00bb type=\u00a0\u00bbgrid\u00a0\u00bb text_align=\u00a0\u00bbleft\u00a0\u00bb css_animation=\u00a0\u00bbelement_from_fade\u00a0\u00bb][vc_column_inner width=\u00a0\u00bb1\/3&Prime; css=\u00a0\u00bb.vc_custom_1493596711357{padding-right: 30px !important;padding-left: 30px !important;}\u00a0\u00bb][vc_empty_space height=\u00a0\u00bb20px\u00a0\u00bb][vc_single_image image=\u00a0\u00bb99&Prime; img_size=\u00a0\u00bbfull\u00a0\u00bb alignment=\u00a0\u00bbcenter\u00a0\u00bb onclick=\u00a0\u00bbcustom_link\u00a0\u00bb qode_css_animation=\u00a0\u00bb\u00a0\u00bb qode_hover_animation=\u00a0\u00bbzoom_in\u00a0\u00bb link=\u00a0\u00bbhttps:\/\/atelierortho.com\/fr\/traitements\/traitements-adultes\/\u00a0\u00bb el_class=\u00a0\u00bbtreatment_icon\u00a0\u00bb][vc_empty_space height=\u00a0\u00bb20px\u00a0\u00bb][vc_column_text]<\/p>\n<h5 style=\"text-align: center;\"><a href=\"https:\/\/atelierortho.com\/fr\/traitements\/traitements-adultes\/\">Traitements pour adultes<\/a><\/h5>\n<p style=\"text-align: center;\">Les broches ne sont plus que pour les enfants de nos jours. L\u2019alignement des dents peut se faire \u00e0 n\u2019importe quel \u00e2ge si les gencives et les m\u00e2choires sont en bonne forme. Nous offrons une vari\u00e9t\u00e9 de traitements qui sont parfaits pour des patients de tous \u00e2ges \u2013 m\u00eame les adultes.<\/p>\n<h6 style=\"text-align: center;\"><a class=\"blue_link\" href=\"https:\/\/atelierortho.com\/fr\/traitements\/traitements-adultes\/\">En savoir plus<\/a><\/h6>\n<p>[\/vc_column_text][vc_empty_space height=\u00a0\u00bb40px\u00a0\u00bb][\/vc_column_inner][vc_column_inner width=\u00a0\u00bb1\/3&Prime; css=\u00a0\u00bb.vc_custom_1493596716476{padding-right: 30px !important;padding-left: 30px !important;}\u00a0\u00bb][vc_empty_space height=\u00a0\u00bb20px\u00a0\u00bb][vc_single_image image=\u00a0\u00bb285&Prime; img_size=\u00a0\u00bbfull\u00a0\u00bb alignment=\u00a0\u00bbcenter\u00a0\u00bb onclick=\u00a0\u00bbcustom_link\u00a0\u00bb qode_css_animation=\u00a0\u00bb\u00a0\u00bb qode_hover_animation=\u00a0\u00bbzoom_in\u00a0\u00bb link=\u00a0\u00bbhttps:\/\/atelierortho.com\/fr\/faq\/\u00a0\u00bb el_class=\u00a0\u00bbtreatment_icon\u00a0\u00bb][vc_empty_space height=\u00a0\u00bb20px\u00a0\u00bb][vc_column_text]<\/p>\n<h5 style=\"text-align: center;\"><a href=\"https:\/\/atelierortho.com\/fr\/faq\/\">Questions Fr\u00e9quentes<\/a><\/h5>\n<p style=\"text-align: center;\">Nous comprenons que chaque patient a un traitement orthodontique diff\u00e9rent, et nous vous promettons de vous donner un service personnalis\u00e9. Votre premi\u00e8re visite \u00e0 notre clinique consistera d\u2019un examen et d\u2019une discussion des traitements que nous pouvons vous offrir.<\/p>\n<h6 style=\"text-align: center;\"><a class=\"blue_link\" href=\"https:\/\/atelierortho.com\/fr\/faq\/\">En savoir plus<\/a><\/h6>\n<p>[\/vc_column_text][vc_empty_space height=\u00a0\u00bb40px\u00a0\u00bb][\/vc_column_inner][vc_column_inner width=\u00a0\u00bb1\/3&Prime; css=\u00a0\u00bb.vc_custom_1493596720998{padding-right: 30px !important;padding-left: 30px !important;}\u00a0\u00bb][\/vc_column_inner][\/vc_row_inner][\/vc_column][\/vc_row][vc_row css_animation=\u00a0\u00bb\u00a0\u00bb row_type=\u00a0\u00bbrow\u00a0\u00bb use_row_as_full_screen_section=\u00a0\u00bbno\u00a0\u00bb type=\u00a0\u00bbfull_width\u00a0\u00bb angled_section=\u00a0\u00bbno\u00a0\u00bb text_align=\u00a0\u00bbleft\u00a0\u00bb background_image_as_pattern=\u00a0\u00bbwithout_pattern\u00a0\u00bb css=\u00a0\u00bb.vc_custom_1493734435630{padding-top: 75px !important;padding-bottom: 75px !important;}\u00a0\u00bb el_class=\u00a0\u00bbgradient_bg\u00a0\u00bb][vc_column][vc_row_inner row_type=\u00a0\u00bbrow\u00a0\u00bb type=\u00a0\u00bbfull_width\u00a0\u00bb text_align=\u00a0\u00bbcenter\u00a0\u00bb css_animation=\u00a0\u00bb\u00a0\u00bb el_class=\u00a0\u00bbwhite_text\u00a0\u00bb][vc_column_inner width=\u00a0\u00bb1\/6&Prime;][\/vc_column_inner][vc_column_inner width=\u00a0\u00bb2\/3&Prime;][vc_column_text css=\u00a0\u00bb\u00a0\u00bb]<\/p>\n<h3 style=\"text-align: center;\"><strong>Prenez contact avec nous d\u00e8s aujourd\u2019hui pour d\u00e9buter votre nouveau sourire!<\/strong><\/h3>\n<p>[\/vc_column_text][vc_empty_space height=\u00a0\u00bb15px\u00a0\u00bb]<a  itemprop=\"url\" href=\"https:\/\/atelierortho.com\/fr\/notre-expertise\/\" target=\"_self\" data-hover-background-color=\"#f6f6f6\" class=\"qbutton  white default\" style=\"margin: 15px 10px; background-color:#ffffff;\">Notre Expertise<\/a><a id=\"consultation\" itemprop=\"url\" href=\"\" target=\"_self\" data-hover-background-color=\"#f6f6f6\" class=\"qbutton  white default\" style=\"margin: 15px 10px; background-color:#ffffff;\">Demander une consultation<\/a>[\/vc_column_inner][vc_column_inner width=\u00a0\u00bb1\/6&Prime;][\/vc_column_inner][\/vc_row_inner][\/vc_column][\/vc_row]<\/p>\n<\/div>","protected":false},"excerpt":{"rendered":"<p>[vc_row css_animation=\u00a0\u00bb\u00a0\u00bb row_type=\u00a0\u00bbrow\u00a0\u00bb use_row_as_full_screen_section=\u00a0\u00bbno\u00a0\u00bb type=\u00a0\u00bbfull_width\u00a0\u00bb angled_section=\u00a0\u00bbno\u00a0\u00bb text_align=\u00a0\u00bbleft\u00a0\u00bb background_image_as_pattern=\u00a0\u00bbwithout_pattern\u00a0\u00bb css=\u00a0\u00bb.vc_custom_1493596451808{padding-top: 80px !important;padding-bottom: 40px !important;background-color: #ffffff !important;}\u00a0\u00bb][vc_column][vc_row_inner row_type=\u00a0\u00bbrow\u00a0\u00bb type=\u00a0\u00bbfull_width\u00a0\u00bb text_align=\u00a0\u00bbleft\u00a0\u00bb css_animation=\u00a0\u00bbelement_from_fade\u00a0\u00bb css=\u00a0\u00bb.vc_custom_1493596521669{padding-bottom: 40px !important;}\u00a0\u00bb][vc_column_inner][vc_column_text] Traitements disponibles [\/vc_column_text][\/vc_column_inner][\/vc_row_inner][vc_row_inner row_type=\u00a0\u00bbrow\u00a0\u00bb type=\u00a0\u00bbgrid\u00a0\u00bb text_align=\u00a0\u00bbleft\u00a0\u00bb css_animation=\u00a0\u00bbelement_from_fade\u00a0\u00bb][vc_column_inner width=\u00a0\u00bb1\/3&Prime; css=\u00a0\u00bb.vc_custom_1493596711357{padding-right: 30px !important;padding-left: 30px !important;}\u00a0\u00bb][vc_empty_space height=\u00a0\u00bb20px\u00a0\u00bb][vc_single_image image=\u00a0\u00bb93&Prime; img_size=\u00a0\u00bbfull\u00a0\u00bb alignment=\u00a0\u00bbcenter\u00a0\u00bb onclick=\u00a0\u00bbcustom_link\u00a0\u00bb qode_css_animation=\u00a0\u00bb\u00a0\u00bb qode_hover_animation=\u00a0\u00bbzoom_in\u00a0\u00bb link=\u00a0\u00bbhttps:\/\/atelierortho.com\/fr\/traitements\/invisalign\/\u00a0\u00bb el_class=\u00a0\u00bbtreatment_icon\u00a0\u00bb][vc_empty_space height=\u00a0\u00bb20px\u00a0\u00bb][vc_column_text]&#8230;<\/p>\n","protected":false},"author":1,"featured_media":0,"parent":0,"menu_order":0,"comment_status":"closed","ping_status":"closed","template":"full_width.php","meta":{"footnotes":""},"class_list":["post-536","page","type-page","status-publish","hentry"],"_links":{"self":[{"href":"https:\/\/atelierortho.com\/fr\/wp-json\/wp\/v2\/pages\/536","targetHints":{"allow":["GET"]}}],"collection":[{"href":"https:\/\/atelierortho.com\/fr\/wp-json\/wp\/v2\/pages"}],"about":[{"href":"https:\/\/atelierortho.com\/fr\/wp-json\/wp\/v2\/types\/page"}],"author":[{"embeddable":true,"href":"https:\/\/atelierortho.com\/fr\/wp-json\/wp\/v2\/users\/1"}],"replies":[{"embeddable":true,"href":"https:\/\/atelierortho.com\/fr\/wp-json\/wp\/v2\/comments?post=536"}],"version-history":[{"count":3,"href":"https:\/\/atelierortho.com\/fr\/wp-json\/wp\/v2\/pages\/536\/revisions"}],"predecessor-version":[{"id":1475,"href":"https:\/\/atelierortho.com\/fr\/wp-json\/wp\/v2\/pages\/536\/revisions\/1475"}],"wp:attachment":[{"href":"https:\/\/atelierortho.com\/fr\/wp-json\/wp\/v2\/media?parent=536"}],"curies":[{"name":"wp","href":"https:\/\/api.w.org\/{rel}","templated":true}]}}