{"id":540,"date":"2017-05-29T22:20:11","date_gmt":"2017-05-30T02:20:11","guid":{"rendered":"https:\/\/atelierortho.com\/?page_id=540\/"},"modified":"2024-12-09T05:18:55","modified_gmt":"2024-12-09T10:18:55","slug":"faq","status":"publish","type":"page","link":"https:\/\/atelierortho.com\/fr\/faq\/","title":{"rendered":"FAQ"},"content":{"rendered":"<div class=\"wpb-content-wrapper\"><p>[vc_row css_animation=\u00a0\u00bb\u00a0\u00bb row_type=\u00a0\u00bbrow\u00a0\u00bb use_row_as_full_screen_section=\u00a0\u00bbno\u00a0\u00bb type=\u00a0\u00bbfull_width\u00a0\u00bb angled_section=\u00a0\u00bbno\u00a0\u00bb text_align=\u00a0\u00bbleft\u00a0\u00bb background_image_as_pattern=\u00a0\u00bbwithout_pattern\u00a0\u00bb css=\u00a0\u00bb.vc_custom_1494281613921{padding-top: 80px !important;padding-bottom: 20px !important;background-color: #ffffff !important;}\u00a0\u00bb][vc_column][vc_row_inner row_type=\u00a0\u00bbrow\u00a0\u00bb type=\u00a0\u00bbgrid\u00a0\u00bb text_align=\u00a0\u00bbleft\u00a0\u00bb css_animation=\u00a0\u00bb\u00a0\u00bb css=\u00a0\u00bb.vc_custom_1494283264974{padding-left: 10px !important;}\u00a0\u00bb][vc_column_inner][vc_column_text]<\/p>\n<h2><strong>Questions<\/strong> fr\u00e9quentes<\/h2>\n<p>[\/vc_column_text][\/vc_column_inner][\/vc_row_inner][\/vc_column][\/vc_row][vc_row css_animation=\u00a0\u00bb\u00a0\u00bb row_type=\u00a0\u00bbrow\u00a0\u00bb use_row_as_full_screen_section=\u00a0\u00bbno\u00a0\u00bb type=\u00a0\u00bbgrid\u00a0\u00bb angled_section=\u00a0\u00bbno\u00a0\u00bb text_align=\u00a0\u00bbleft\u00a0\u00bb background_image_as_pattern=\u00a0\u00bbwithout_pattern\u00a0\u00bb css=\u00a0\u00bb.vc_custom_1496963913841{padding-top: 30px !important;padding-bottom: 20px !important;background-color: #ffffff !important;}\u00a0\u00bb][vc_column width=\u00a0\u00bb2\/3&Prime;][vc_accordion active_tab=\u00a0\u00bbfalse\u00a0\u00bb collapsible=\u00a0\u00bbyes\u00a0\u00bb style=\u00a0\u00bbaccordion\u00a0\u00bb][vc_accordion_tab title=\u00a0\u00bbQu&rsquo;est-ce que l&rsquo;orthodontie?\u00a0\u00bb][vc_column_text]L&rsquo;orthodontie est un domaine de la dentisterie qui se sp\u00e9cialise dans le diagnostique, la pr\u00e9vention et le traitement des anomalies dento-faciales. Le terme technique pour d\u00e9crire ces probl\u00e8mes est \u00ab\u00a0malocclusion\u00a0\u00bb. La pratique de l&rsquo;orthodontie requiert des aptitudes professionnelles pour l&rsquo;\u00e9laboration, la mise en place, et le contr\u00f4le des appareils de correction (broches) n\u00e9cessaires \u00e0 l&rsquo;alignement des dents, des l\u00e8vres et des m\u00e2choires qui contribuent \u00e0 l&rsquo;harmonie dento-faciale.[\/vc_column_text][\/vc_accordion_tab][vc_accordion_tab title=\u00a0\u00bbQuelle est l&rsquo;importance de l&rsquo;orthodontie?\u00a0\u00bb][vc_column_text]Un traitement orthodontique peut aider \u00e0 augmenter l&rsquo;estime de soi en alignant correctement la dentition, les m\u00e2choires et les l\u00e8vres. Mais un sourire agr\u00e9able n&rsquo;est qu&rsquo;un seul des nombreux b\u00e9n\u00e9fices d&rsquo;un traitement orthodontique. La pr\u00e9vention ou la correction de probl\u00e8mes de sant\u00e9 dentaire est tout aussi importante.<\/p>\n<p>Sans traitement ad\u00e9quat, des probl\u00e8mes orthodontiques peuvent contribuer au d\u00e9veloppement de caries dentaires, de maladies de gencives, de destruction osseuse et de difficult\u00e9s masticatoires et de digestion. Une \u00ab\u00a0mauvaise occlusion\u00a0\u00bb peut aussi contribuer \u00e0 des probl\u00e8mes d&rsquo;\u00e9locution, \u00e0 des pertes de dents, \u00e0 des fractures de dents et autres blessures dentaires.[\/vc_column_text][\/vc_accordion_tab][vc_accordion_tab title=\u00a0\u00bbQu&rsquo;est-ce qu&rsquo;un\/une orthodontiste?\u00a0\u00bb][vc_column_text]Votre orthodontiste est un\/une sp\u00e9cialiste du diagnostique, de la pr\u00e9vention et du traitement des anomalies dento-faciales. Les orthodontistes re\u00e7oivent une formation acad\u00e9mique pouss\u00e9e. Dans un premier temps, ils doivent compl\u00e9ter 4 ann\u00e9es d&rsquo;\u00e9tudes en m\u00e9decine dentaire dans une universit\u00e9 ou autre institution reconnue par l&rsquo;Association dentaire canadienne (ADC).<\/p>\n<p>Ensuite, ils doivent compl\u00e9ter avec succ\u00e8s une r\u00e9sidence en orthodontie d&rsquo;une dur\u00e9e de 2 \u00e0 3 ans, encore une fois reconnue par l&rsquo;ADC. Ces \u00e9tudes post-gradu\u00e9es couvrent des sujets tels la g\u00e9n\u00e9tique, l&#8217;embryologie, la croissance et le d\u00e9veloppement du corps humain et la biophysique.<\/p>\n<p>Seuls des dentistes ayant suivi et compl\u00e9t\u00e9 avec succ\u00e8s cette sp\u00e9cialit\u00e9 peuvent porter le titre d&rsquo;orthodontiste.[\/vc_column_text][\/vc_accordion_tab][vc_accordion_tab title=\u00a0\u00bbQu&rsquo;est-ce qui diff\u00e9rencie un orthodontiste d&rsquo;un dentiste?\u00a0\u00bb][vc_column_text]Les orthodontistes sont des dentistes sp\u00e9cialistes qui corrigent \u00e0 tous les jours des irr\u00e9gularit\u00e9s dento-faciales. Les champs d&rsquo;expertise de l&rsquo;orthodontiste sont le d\u00e9placement des dents, guider la croissance des m\u00e2choires et, de concert avec le patient, s&rsquo;assurer que les corrections demeurent stables.<\/p>\n<p>Les membres de l&rsquo;ACO sont donc sp\u00e9cialement qualifi\u00e9s pour corriger les malocclusions dentaires. L&rsquo;Association dentaire canadienne requiert que les orthodontistes aient suivi un programme accr\u00e9dit\u00e9 de formation post-gradu\u00e9e en orthodontie d&rsquo;au moins deux ans suite \u00e0 leur formation en m\u00e9decine dentaire.[\/vc_column_text][\/vc_accordion_tab][vc_accordion_tab title=\u00a0\u00bbQuels sont les bienfaits de l&rsquo;orthodontie?\u00a0\u00bb][vc_column_text]Vous savez d\u00e9j\u00e0 qu&rsquo;un traitement orthodontique va aligner les dents. Mais un beau sourire n&rsquo;est qu&rsquo;un seul des nombreux avantages de l&rsquo;orthodontie. Aligner les dents, les l\u00e8vres, et les m\u00e2choires ne donne pas seulement un beau sourire, mais aussi un sourire en sant\u00e9. Des dents droites fonctionnent mieux et sont plus faciles \u00e0 entretenir.<\/p>\n<p>Finalement, il ne faut pas n\u00e9gliger l&rsquo;effet d&rsquo;un sourire en sant\u00e9 sur la confiance en soi. Cet avantage psychologique est un facteur de d\u00e9cision important lorsque l&rsquo;on d\u00e9cide d&rsquo;entreprendre un traitement orthodontique et est souvent le principal objectif des patients. Quel plaisir d&rsquo;avoir un beau sourire !<\/p>\n<p>Souvenez-vous : un sourire chaleureux n&rsquo;est que le d\u00e9but. Une meilleure sant\u00e9 buccale et un meilleur sentiment de bien-\u00eatre sont aussi des objectifs de traitement importants.[\/vc_column_text][\/vc_accordion_tab][vc_accordion_tab title=\u00a0\u00bbQui peut b\u00e9n\u00e9ficier de soins orthodontiques?\u00a0\u00bb][vc_column_text css=\u00a0\u00bb\u00a0\u00bb]Il fut un temps o\u00f9 l&rsquo;on croyait que l&rsquo;orthodontie c&rsquo;\u00e9tait \u00ab\u00a0juste pour les enfants.\u00a0\u00bb En fait, sur les milliers de canadiens en traitement aujourd&rsquo;hui, plus du quart ont plus de 21 ans.<\/p>\n<p>\u00c9tant donn\u00e9 que le mouvement des dents est le m\u00eame chez les enfants et chez les adultes, il est habituel d\u2019entreprendre un traitement orthodontique avec succ\u00e8s \u00e0 n\u2019importe quel \u00e2ge. La sant\u00e9 des dents, des gencives et de l\u2019os de support vont aussi d\u00e9terminer les possibilit\u00e9s d\u2019am\u00e9lioration et de correction.<\/p>\n<p>Donc, qui peut profiter d&rsquo;un traitement orthodontique? En r\u00e9alit\u00e9 presque tout le monde! Il n&rsquo;est jamais trop tard pour am\u00e9liorer sa sant\u00e9 dentaire. Sans \u00e9gard \u00e0 l&rsquo;\u00e2ge, un traitement orthodontique est toujours une occasion de changer pour le mieux.[\/vc_column_text][\/vc_accordion_tab][vc_accordion_tab title=\u00a0\u00bbA quel moment devrais-je faire voir mon enfant par l&rsquo;orthodontiste?\u00a0\u00bb][vc_column_text css=\u00a0\u00bb\u00a0\u00bb]L&rsquo;Association canadienne des orthodontistes recommande que tous les enfants aient une consultation avec un orthodontiste \u00e0 l\u2019\u00e2ge de 7 ans. Dans certain cas, cela pourrait \u00eatre aussi t\u00f4t qu&rsquo;\u00e0 l&rsquo;\u00e2ge 2 ou 3 ans. Plusieurs probl\u00e8mes orthodontiques peuvent \u00eatre plus facilement corrig\u00e9s s&rsquo;ils sont identifi\u00e9s t\u00f4t, plut\u00f4t que d&rsquo;attendre que la croissance des m\u00e2choires soit ralentie. Un traitement effectu\u00e9 en bas \u00e2ge signifie que l&rsquo;on peut parfois \u00e9viter par la suite un traitement correctif plus compliqu\u00e9 ou m\u00eame une chirurgie des m\u00e2choires.[\/vc_column_text][\/vc_accordion_tab][vc_accordion_tab title=\u00a0\u00bbQuel est le traitement indiqu\u00e9 pour vous?\u00a0\u00bb][vc_column_text css=\u00a0\u00bb\u00a0\u00bb]Les traitements actuels qui utilisent des aligneurs transparents et des appareils orthodontique modernes sont nombreux. Si chaque traitement a un r\u00f4le sp\u00e9cifique, seul l\u2019orthodontiste poss\u00e8de les connaissances sp\u00e9cialis\u00e9es n\u00e9cessaires pour d\u00e9tecter toutes les particularit\u00e9s de votre bouche et \u00e9laborer un plan adapt\u00e9.<\/p>\n<p>De plus, l\u2019orthodontiste tient compte de vos besoins et de vos d\u00e9sirs uniques pour vous recommander l\u2019option th\u00e9rapeutique tout indiqu\u00e9e pour vous. L\u2019orthodontiste conna\u00eet toute la gamme des appareils orthodontiques. Il sait lesquels il convient d\u2019utiliser et quand le faire.[\/vc_column_text][\/vc_accordion_tab][vc_accordion_tab title=\u00a0\u00bbEst-ce que l&rsquo;on peut \u00eatre trop vieux pour un traitement orthodontique?\u00a0\u00bb][vc_column_text]Non. Des dents saines peuvent \u00eatre d\u00e9plac\u00e9e \u00e0 tout \u00e2ge. Ainsi l&rsquo;orthodontiste est en mesure d&rsquo;am\u00e9liorer le sourire de presque tout le monde. En fait, des orthodontistes traitent r\u00e9guli\u00e8rement des patients dans la cinquantaine, la soixantaine, ou plus![\/vc_column_text][\/vc_accordion_tab][vc_accordion_tab title=\u00a0\u00bb\u00c0 propos des co\u00fbts\u00a0\u00bb][vc_column_text css=\u00a0\u00bb\u00a0\u00bb]Les b\u00e9n\u00e9fices d&rsquo;un traitement orthodontique durent toute la vie mais n&rsquo;h\u00e9sitez pas \u00e0 vous informer des honoraires. Vous allez peut-\u00eatre d\u00e9couvrir que cela est beaucoup moins dispendieux que vous le pensiez. Naturellement, les co\u00fbts en fonctions de la nature du probl\u00e8me orthodontique. Plusieurs probl\u00e8mes ne requi\u00e8rent qu&rsquo;un traitement limit\u00e9.<\/p>\n<p>Nous offrons une vari\u00e9t\u00e9 d\u2019options de paiement pour r\u00e9pondre \u00e0 vos besoins. Il nous fera plaisir de r\u00e9pondre \u00e0 toute vos questions \u00e0 ce sujet au cours d\u2019une visite de consultation.[\/vc_column_text][\/vc_accordion_tab][vc_accordion_tab title=\u00a0\u00bbEntretien des appareils\u00a0\u00bb][vc_column_text]Les appareils retiennent la nourriture tr\u00e8s facilement favorisant ainsi la formation de plaque dentaire. La plaque dentaire peut causer des maladies de gencive et endommager l&rsquo;\u00e9mail des dents. Gr\u00e2ce \u00e0 une technique d&rsquo;hygi\u00e8ne buccale soutenue et ad\u00e9quate, on peut pr\u00e9venir la formation de plaque dentaire.<\/p>\n<p>La base d&rsquo;une bonne hygi\u00e8ne buccale est un brossage efficace. Ceci peut \u00eatre obtenu \u00e0 l&rsquo;aide d&rsquo;une brosse \u00e0 soies plut\u00f4t molles et une p\u00e2te \u00e0 dent fluor\u00e9e. Il est indiqu\u00e9 de brosser lentement et avec soin apr\u00e8s chaque repas et collation. Il est tout aussi important de brosser le c\u00f4t\u00e9 int\u00e9rieur et les surfaces de mastication des dents que les bo\u00eetiers (broches) eux-m\u00eames.<\/p>\n<table width=\"100%\">\n<tbody>\n<tr>\n<td width=\"33%\">\n<h5><strong>\u00c9tape 1<\/strong><\/h5>\n<p>Tenir la brosse droite contre les appareils et effectuer de petits mouvements de rotation en brossant dix fois.<\/td>\n<td width=\"33%\">\n<h5><strong>\u00c9tape 2<\/strong><\/h5>\n<p>Tenir la brosse inclin\u00e9e vers la surface de mastication, brosser dix fois.<\/td>\n<td width=\"33%\">\n<h5><strong>\u00c9tape 3<\/strong><\/h5>\n<p><strong>Ceci est l&rsquo;\u00e9tape la plus importante:<\/strong> tenir la brosse inclin\u00e9e vers la gencive et assurez-vous que la r\u00e9gion pr\u00e8s de la gencive est bien bross\u00e9e.<\/td>\n<\/tr>\n<\/tbody>\n<\/table>\n<p>[\/vc_column_text][\/vc_accordion_tab][vc_accordion_tab title=\u00a0\u00bbSortes d&rsquo;appareils de r\u00e9tention\u00a0\u00bb][vc_column_text]Il existe deux sortes d&rsquo;appareils de r\u00e9tention : fixe et amovible. Les appareils amovibles peuvent \u00eatre enlev\u00e9s par le patient pour les repas et le brossage des dents. Les appareils fixes sont coll\u00e9s de fa\u00e7on permanente sur les dents et ne devraient \u00eatre enlev\u00e9s que par votre orthodontiste.Voici des exemples d&rsquo;appareils de r\u00e9tention les plus communs.<\/p>\n<p><strong>Appareil de r\u00e9tention Hawley<br \/>\n<\/strong>Les appareils de r\u00e9tention Hawley sont faits d&rsquo;une base en plastique qui est moul\u00e9e sur la forme de votre palais et rattach\u00e9e \u00e0 un fil adapt\u00e9 aux dents et qui les maintient en place.<\/p>\n<p><strong>Appareils de r\u00e9tention Essix<br \/>\n<\/strong>Les appareils de r\u00e9tention Essix sont faits de plastique transparent. Certains patients pr\u00e9f\u00e8rent ce type d&rsquo;appareil car la plupart des gens ne pourront voir que vous en portez un. Leur dur\u00e9e de vie est cependant moindre que pour les appareils Hawley.<\/p>\n<p><strong>Appareils de r\u00e9tention fixes<br \/>\n<\/strong>Souvent appel\u00e9s appareils de r\u00e9tention fixes ou permanents, ils sont des fils fabriqu\u00e9s sur mesure et coll\u00e9s sur la surface interne des dents avec du mat\u00e9riau composite. Ils doivent demeurer sur vos dents pour plusieurs ann\u00e9es et ne devraient \u00eatre enlev\u00e9s que par votre orthodontiste. Les fils fixes prot\u00e8geront vos dents \u00e0 mesure que vous vieillissez.<\/p>\n<p>Votre orthodontiste pourra discuter avec vous des avantages et d\u00e9savantages de chaque type d&rsquo;appareil de r\u00e9tention et lequel est meilleur pour vous.[\/vc_column_text][\/vc_accordion_tab][\/vc_accordion][vc_empty_space height=\u00a0\u00bb40px\u00a0\u00bb][\/vc_column][vc_column width=\u00a0\u00bb1\/3&Prime;][vc_empty_space height=\u00a0\u00bb7px\u00a0\u00bb][vc_column_text]<\/p>\n<h5>Vous n&rsquo;avez pas trouv\u00e9 la r\u00e9ponse \u00e0 votre question?<\/h5>\n<p>Envoyez-nous un message et un de nos membres vous r\u00e9pondra les plus t\u00f4t possible.[\/vc_column_text][vc_empty_space height=\u00a0\u00bb40px\u00a0\u00bb]\n<div class=\"wpcf7 no-js\" id=\"wpcf7-f527-o1\" lang=\"en-CA\" dir=\"ltr\" data-wpcf7-id=\"527\">\n<div class=\"screen-reader-response\"><p role=\"status\" aria-live=\"polite\" aria-atomic=\"true\"><\/p> <ul><\/ul><\/div>\n<form action=\"\/fr\/wp-json\/wp\/v2\/pages\/540#wpcf7-f527-o1\" method=\"post\" class=\"wpcf7-form init default\" aria-label=\"Contact form\" novalidate=\"novalidate\" data-status=\"init\">\n<fieldset class=\"hidden-fields-container\"><input type=\"hidden\" name=\"_wpcf7\" value=\"527\" \/><input type=\"hidden\" name=\"_wpcf7_version\" value=\"6.1.5\" \/><input type=\"hidden\" name=\"_wpcf7_locale\" value=\"en_CA\" \/><input type=\"hidden\" name=\"_wpcf7_unit_tag\" value=\"wpcf7-f527-o1\" \/><input type=\"hidden\" name=\"_wpcf7_container_post\" value=\"0\" \/><input type=\"hidden\" name=\"_wpcf7_posted_data_hash\" value=\"\" \/><input type=\"hidden\" name=\"_wpcf7_recaptcha_response\" value=\"\" \/>\n<\/fieldset>\n<p><span class=\"wpcf7-form-control-wrap\" data-name=\"your-name\"><input size=\"40\" maxlength=\"400\" class=\"wpcf7-form-control wpcf7-text wpcf7-validates-as-required\" aria-required=\"true\" aria-invalid=\"false\" placeholder=\"Votre Nom*\" value=\"\" type=\"text\" name=\"your-name\" \/><\/span><br \/>\n<span class=\"wpcf7-form-control-wrap\" data-name=\"your-email\"><input size=\"40\" maxlength=\"400\" class=\"wpcf7-form-control wpcf7-email wpcf7-validates-as-required wpcf7-text wpcf7-validates-as-email\" aria-required=\"true\" aria-invalid=\"false\" placeholder=\"Votre Courriel*\" value=\"\" type=\"email\" name=\"your-email\" \/><\/span><br \/>\n<span class=\"wpcf7-form-control-wrap\" data-name=\"your-tel\"><input size=\"40\" maxlength=\"400\" class=\"wpcf7-form-control wpcf7-tel wpcf7-text wpcf7-validates-as-tel\" aria-invalid=\"false\" placeholder=\"T\u00e9l\u00e9phone\" value=\"\" type=\"tel\" name=\"your-tel\" \/><\/span><br \/>\n<span class=\"wpcf7-form-control-wrap\" data-name=\"your-subject\"><input size=\"40\" maxlength=\"400\" class=\"wpcf7-form-control wpcf7-text wpcf7-validates-as-required\" aria-required=\"true\" aria-invalid=\"false\" placeholder=\"Sujet*\" value=\"\" type=\"text\" name=\"your-subject\" \/><\/span><br \/>\n<span class=\"wpcf7-form-control-wrap\" data-name=\"your-message\"><textarea cols=\"40\" rows=\"10\" maxlength=\"2000\" class=\"wpcf7-form-control wpcf7-textarea wpcf7-validates-as-required\" aria-required=\"true\" aria-invalid=\"false\" placeholder=\"Message*\" name=\"your-message\"><\/textarea><\/span><br \/>\n<br \/>\n<input class=\"wpcf7-form-control wpcf7-submit has-spinner\" type=\"submit\" value=\"Envoyer\" \/>\n<\/p><input type='hidden' class='wpcf7-pum' value='{\"closepopup\":false,\"closedelay\":0,\"openpopup\":false,\"openpopup_id\":0}' \/><div class=\"wpcf7-response-output\" aria-hidden=\"true\"><\/div>\n<\/form>\n<\/div>\n[vc_empty_space height=\u00a0\u00bb40px\u00a0\u00bb][\/vc_column][\/vc_row][vc_row css_animation=\u00a0\u00bb\u00a0\u00bb row_type=\u00a0\u00bbrow\u00a0\u00bb use_row_as_full_screen_section=\u00a0\u00bbno\u00a0\u00bb type=\u00a0\u00bbfull_width\u00a0\u00bb angled_section=\u00a0\u00bbno\u00a0\u00bb text_align=\u00a0\u00bbleft\u00a0\u00bb background_image_as_pattern=\u00a0\u00bbwithout_pattern\u00a0\u00bb css=\u00a0\u00bb.vc_custom_1493734435630{padding-top: 75px !important;padding-bottom: 75px !important;}\u00a0\u00bb el_class=\u00a0\u00bbgradient_bg\u00a0\u00bb][vc_column][vc_row_inner row_type=\u00a0\u00bbrow\u00a0\u00bb type=\u00a0\u00bbfull_width\u00a0\u00bb text_align=\u00a0\u00bbcenter\u00a0\u00bb css_animation=\u00a0\u00bb\u00a0\u00bb el_class=\u00a0\u00bbwhite_text\u00a0\u00bb][vc_column_inner width=\u00a0\u00bb1\/6&Prime;][\/vc_column_inner][vc_column_inner width=\u00a0\u00bb2\/3&Prime;][vc_column_text]<\/p>\n<h3 style=\"text-align: center;\"><strong>Contactez-nous d\u00e8s aujourd\u2019hui pour entamer votre nouveau sourire!<\/strong><\/h3>\n<p>[\/vc_column_text][vc_empty_space height=\u00a0\u00bb15px\u00a0\u00bb]<a  itemprop=\"url\" href=\"https:\/\/atelierortho.com\/fr\/traitements\/\" target=\"_self\" data-hover-background-color=\"#f6f6f6\" class=\"qbutton  white default\" style=\"margin: 15px 10px; background-color:#ffffff;\">Traitements disponibles<\/a><a id=\"consultation\" itemprop=\"url\" href=\"\" target=\"_self\" data-hover-background-color=\"#f6f6f6\" class=\"qbutton  white default\" style=\"margin: 15px 10px; background-color:#ffffff;\">Demande de consultation<\/a>[\/vc_column_inner][vc_column_inner width=\u00a0\u00bb1\/6&Prime;][\/vc_column_inner][\/vc_row_inner][\/vc_column][\/vc_row]<\/p>\n<\/div>","protected":false},"excerpt":{"rendered":"<p>[vc_row css_animation=\u00a0\u00bb\u00a0\u00bb row_type=\u00a0\u00bbrow\u00a0\u00bb use_row_as_full_screen_section=\u00a0\u00bbno\u00a0\u00bb type=\u00a0\u00bbfull_width\u00a0\u00bb angled_section=\u00a0\u00bbno\u00a0\u00bb text_align=\u00a0\u00bbleft\u00a0\u00bb background_image_as_pattern=\u00a0\u00bbwithout_pattern\u00a0\u00bb css=\u00a0\u00bb.vc_custom_1494281613921{padding-top: 80px !important;padding-bottom: 20px !important;background-color: #ffffff !important;}\u00a0\u00bb][vc_column][vc_row_inner row_type=\u00a0\u00bbrow\u00a0\u00bb type=\u00a0\u00bbgrid\u00a0\u00bb text_align=\u00a0\u00bbleft\u00a0\u00bb css_animation=\u00a0\u00bb\u00a0\u00bb css=\u00a0\u00bb.vc_custom_1494283264974{padding-left: 10px !important;}\u00a0\u00bb][vc_column_inner][vc_column_text] Questions fr\u00e9quentes [\/vc_column_text][\/vc_column_inner][\/vc_row_inner][\/vc_column][\/vc_row][vc_row css_animation=\u00a0\u00bb\u00a0\u00bb row_type=\u00a0\u00bbrow\u00a0\u00bb use_row_as_full_screen_section=\u00a0\u00bbno\u00a0\u00bb type=\u00a0\u00bbgrid\u00a0\u00bb angled_section=\u00a0\u00bbno\u00a0\u00bb text_align=\u00a0\u00bbleft\u00a0\u00bb background_image_as_pattern=\u00a0\u00bbwithout_pattern\u00a0\u00bb css=\u00a0\u00bb.vc_custom_1496963913841{padding-top: 30px !important;padding-bottom: 20px !important;background-color: #ffffff !important;}\u00a0\u00bb][vc_column width=\u00a0\u00bb2\/3&Prime;][vc_accordion active_tab=\u00a0\u00bbfalse\u00a0\u00bb collapsible=\u00a0\u00bbyes\u00a0\u00bb style=\u00a0\u00bbaccordion\u00a0\u00bb][vc_accordion_tab title=\u00a0\u00bbQu&rsquo;est-ce que&#8230;<\/p>\n","protected":false},"author":1,"featured_media":0,"parent":0,"menu_order":0,"comment_status":"closed","ping_status":"closed","template":"full_width.php","meta":{"footnotes":""},"class_list":["post-540","page","type-page","status-publish","hentry"],"_links":{"self":[{"href":"https:\/\/atelierortho.com\/fr\/wp-json\/wp\/v2\/pages\/540","targetHints":{"allow":["GET"]}}],"collection":[{"href":"https:\/\/atelierortho.com\/fr\/wp-json\/wp\/v2\/pages"}],"about":[{"href":"https:\/\/atelierortho.com\/fr\/wp-json\/wp\/v2\/types\/page"}],"author":[{"embeddable":true,"href":"https:\/\/atelierortho.com\/fr\/wp-json\/wp\/v2\/users\/1"}],"replies":[{"embeddable":true,"href":"https:\/\/atelierortho.com\/fr\/wp-json\/wp\/v2\/comments?post=540"}],"version-history":[{"count":3,"href":"https:\/\/atelierortho.com\/fr\/wp-json\/wp\/v2\/pages\/540\/revisions"}],"predecessor-version":[{"id":1481,"href":"https:\/\/atelierortho.com\/fr\/wp-json\/wp\/v2\/pages\/540\/revisions\/1481"}],"wp:attachment":[{"href":"https:\/\/atelierortho.com\/fr\/wp-json\/wp\/v2\/media?parent=540"}],"curies":[{"name":"wp","href":"https:\/\/api.w.org\/{rel}","templated":true}]}}