{"id":542,"date":"2017-05-29T22:30:25","date_gmt":"2017-05-30T02:30:25","guid":{"rendered":"https:\/\/atelierortho.com\/?page_id=542\/"},"modified":"2017-07-19T21:49:48","modified_gmt":"2017-07-20T01:49:48","slug":"invisalign","status":"publish","type":"page","link":"https:\/\/atelierortho.com\/fr\/traitements\/invisalign\/","title":{"rendered":"Invisalign"},"content":{"rendered":"<div class=\"wpb-content-wrapper\"><p>[vc_row css_animation=\u00a0\u00bb\u00a0\u00bb row_type=\u00a0\u00bbrow\u00a0\u00bb use_row_as_full_screen_section=\u00a0\u00bbno\u00a0\u00bb type=\u00a0\u00bbfull_width\u00a0\u00bb angled_section=\u00a0\u00bbno\u00a0\u00bb text_align=\u00a0\u00bbleft\u00a0\u00bb background_image_as_pattern=\u00a0\u00bbwithout_pattern\u00a0\u00bb css=\u00a0\u00bb.vc_custom_1496964234199{padding-top: 80px !important;padding-bottom: 40px !important;background-color: #ffffff !important;}\u00a0\u00bb][vc_column][vc_row_inner row_type=\u00a0\u00bbrow\u00a0\u00bb type=\u00a0\u00bbfull_width\u00a0\u00bb text_align=\u00a0\u00bbleft\u00a0\u00bb css_animation=\u00a0\u00bb\u00a0\u00bb css=\u00a0\u00bb.vc_custom_1494307597446{padding-bottom: 60px !important;}\u00a0\u00bb][vc_column_inner][vc_single_image image=\u00a0\u00bb482&Prime; img_size=\u00a0\u00bbfull\u00a0\u00bb alignment=\u00a0\u00bbcenter\u00a0\u00bb qode_css_animation=\u00a0\u00bb\u00a0\u00bb el_class=\u00a0\u00bbinvisalign_logo\u00a0\u00bb][\/vc_column_inner][\/vc_row_inner][vc_row_inner row_type=\u00a0\u00bbrow\u00a0\u00bb type=\u00a0\u00bbgrid\u00a0\u00bb text_align=\u00a0\u00bbcenter\u00a0\u00bb css_animation=\u00a0\u00bb\u00a0\u00bb][vc_column_inner width=\u00a0\u00bb1\/3&Prime; css=\u00a0\u00bb.vc_custom_1494307661807{padding-right: 30px !important;padding-left: 30px !important;}\u00a0\u00bb][vc_column_text]<\/p>\n<h5>Une Alternative Invisible<\/h5>\n<p>Invisalign est une solution quasi invisible afin que vous puissiez sourire pendant votre traitement, autant qu\u2019apr\u00e8s. En fait, il est rare qu\u2019il se fasse remarquer ! En se servant des bandes claires et amovibles, Invisalign redresse vos dents sans que vous vous en rendiez compte. Aux deux semaines, il suffit de les changer et vos dents, lentement mais s\u00fbrement, se r\u00e9aligneront vers un sourire dont vous r\u00eavez.[\/vc_column_text][vc_empty_space height=\u00a0\u00bb40px\u00a0\u00bb][\/vc_column_inner][vc_column_inner width=\u00a0\u00bb1\/3&Prime; css=\u00a0\u00bb.vc_custom_1494307667331{padding-right: 30px !important;padding-left: 30px !important;}\u00a0\u00bb][vc_column_text]<\/p>\n<h5>Invisible, Amovible et confortable<\/h5>\n<p>Invisalign est confortable, et n\u2019emb\u00eatera pas votre bouche. \u00c0 chaque un \u00e0 deux mois, une visite chez votre orthodontiste sera de mise pour remplacer les bandes et de v\u00e9rifier si le traitement se d\u00e9roule bien. En moyenne, le traitement ne dure que de six \u00e0 dix-huit mois. De plus, vous pouvez m\u00eame continuer \u00e0 manger tous vos plats favoris gr\u00e2ce \u00e0 la propri\u00e9t\u00e9 amovible de l\u2019appareil. Vous pouvez brosser vos dents et passer la soie dentaire comme d\u2019habitude.[\/vc_column_text][vc_empty_space height=\u00a0\u00bb40px\u00a0\u00bb][\/vc_column_inner][vc_column_inner width=\u00a0\u00bb1\/3&Prime; css=\u00a0\u00bb.vc_custom_1494307673586{padding-right: 30px !important;padding-left: 30px !important;}\u00a0\u00bb][vc_column_text]<\/p>\n<h5>Con\u00e7u pour vous<\/h5>\n<p>Puisque vos bandes Invisalign sont personnalis\u00e9es pour vous, ils sont tr\u00e8s confortables \u00e0 porter. Vous pouvez les enlever lorsque vous le d\u00e9sirez, donc il ne faut pas s\u2019inqui\u00e8ter : vous pouvez continuer \u00e0 jouer \u00e0 votre sport favori et de jouer votre instrument. Il est m\u00eame possible de manger tous vos plats favoris sans restriction, en autant que vous brossez vos dents et passer une soie quotidiennement. Il suffit que de replacer les bandes et le tour est jou\u00e9.[\/vc_column_text][vc_empty_space height=\u00a0\u00bb40px\u00a0\u00bb][\/vc_column_inner][\/vc_row_inner][\/vc_column][\/vc_row][vc_row css_animation=\u00a0\u00bb\u00a0\u00bb row_type=\u00a0\u00bbrow\u00a0\u00bb use_row_as_full_screen_section=\u00a0\u00bbno\u00a0\u00bb type=\u00a0\u00bbfull_width\u00a0\u00bb angled_section=\u00a0\u00bbno\u00a0\u00bb text_align=\u00a0\u00bbleft\u00a0\u00bb background_image_as_pattern=\u00a0\u00bbwithout_pattern\u00a0\u00bb][vc_column][vc_row_inner row_type=\u00a0\u00bbrow\u00a0\u00bb type=\u00a0\u00bbfull_width\u00a0\u00bb text_align=\u00a0\u00bbleft\u00a0\u00bb css_animation=\u00a0\u00bb\u00a0\u00bb][vc_column_inner][vc_column_text]<\/p>\n<table class=\"table_with_sidePic\">\n<tbody>\n<tr>\n<td class=\"sidePic\" style=\"width: 50%; background-image: url('https:\/\/atelierortho.com\/wp-content\/uploads\/2017\/07\/Invisalign_couple.jpg'); background-size: cover; background-position: center;\"><\/td>\n<td class=\"sideText\" style=\"width: 50%;\">\n<div class=\"sideText_inner\">\n<h5>Avantages Hygi\u00e9niques d\u2019Invisalign<\/h5>\n<p><strong><br \/>\nAmovible pour une bonne hygiene<\/strong><br \/>\nVous pouvez vous brosser les dents et passer la soie dentaire normalement, ce qui aide \u00e0 pr\u00e9venier la carie et les maladies gingivales.<\/p>\n<p><strong>Peut am\u00e9liorer la sant\u00e9 des gencives.<\/strong><br \/>\nDes recherches indiquent que l\u2019utilisation des goutti\u00e8res Invisalign pendant un traitement d\u2019orthodontie peut contribuer \u00e0 am\u00e9liorer la sant\u00e9 des tissus p\u00e9riodontiques.<\/p>\n<p><strong>Aucune restriction alimentaire<\/strong><br \/>\nPuisque les goutti\u00e8res sont amovibles, vous n\u2019avez pas \u00e0 vous inqui\u00e9ter de ce que vous mangez.<\/p>\n<p><strong>Pas de metal irritant la bouche.<\/strong><br \/>\nCertains appareils orthodontiques, comme les broches, peuvent provoquer une inflammations temporaire des gencives (qui se r\u00e9sorbe normalement avec le retrait de l\u2019appareil). Invisalign diminue les risques de perte de blocs, de bris de fils et d\u2019allegie au m\u00e9tal.<\/p>\n<\/div>\n<\/td>\n<\/tr>\n<\/tbody>\n<\/table>\n<p>[\/vc_column_text][\/vc_column_inner][\/vc_row_inner][\/vc_column][\/vc_row][vc_row css_animation=\u00a0\u00bb\u00a0\u00bb row_type=\u00a0\u00bbrow\u00a0\u00bb use_row_as_full_screen_section=\u00a0\u00bbno\u00a0\u00bb type=\u00a0\u00bbfull_width\u00a0\u00bb angled_section=\u00a0\u00bbno\u00a0\u00bb text_align=\u00a0\u00bbleft\u00a0\u00bb background_image_as_pattern=\u00a0\u00bbwithout_pattern\u00a0\u00bb css=\u00a0\u00bb.vc_custom_1496964357365{padding-top: 80px !important;padding-bottom: 40px !important;background-color: #ffffff !important;}\u00a0\u00bb][vc_column][vc_row_inner row_type=\u00a0\u00bbrow\u00a0\u00bb type=\u00a0\u00bbgrid\u00a0\u00bb text_align=\u00a0\u00bbleft\u00a0\u00bb css_animation=\u00a0\u00bb\u00a0\u00bb css=\u00a0\u00bb.vc_custom_1494303416082{padding-bottom: 40px !important;}\u00a0\u00bb][vc_column_inner][vc_column_text]<\/p>\n<h2>Questions Fr\u00e9quentes<\/h2>\n<p>[\/vc_column_text][\/vc_column_inner][\/vc_row_inner][vc_row_inner row_type=\u00a0\u00bbrow\u00a0\u00bb type=\u00a0\u00bbgrid\u00a0\u00bb text_align=\u00a0\u00bbleft\u00a0\u00bb css_animation=\u00a0\u00bb\u00a0\u00bb][vc_column_inner width=\u00a0\u00bb1\/3&Prime; css=\u00a0\u00bb.vc_custom_1494303547166{padding-right: 40px !important;}\u00a0\u00bb][vc_column_text]<strong>Q: Est-ce que Invisalign fonctionne vraiment?<\/strong><\/p>\n<p>R: Oui. En orthodontie et en soins dentaires, Invisalign a toujours \u00e9t\u00e9 efficace pour le redressement de dents. Des milliers de patients \u00e0 travers le monde ont re\u00e7u ce traitement fascinant.[\/vc_column_text][vc_empty_space height=\u00a0\u00bb40px\u00a0\u00bb][\/vc_column_inner][vc_column_inner width=\u00a0\u00bb1\/3&Prime; css=\u00a0\u00bb.vc_custom_1494303552003{padding-right: 40px !important;}\u00a0\u00bb][vc_column_text]<strong>Q: Comment est-ce que Invisalign fonctionne?<\/strong><\/p>\n<p>R: Le syst\u00e8me Invisalign utilise de l\u2019imagerie digitale 3D afin de suivre le traitement entier, du d\u00e9but jusqu\u2019\u00e0 la fin. De ces images il est rendu possible de vous fournir des bandes personnalis\u00e9es. Chaque bande sera port\u00e9e pour environ deux semaines, et est ensuite remplac\u00e9e. Vos dents se r\u00e9-alignent graduellement vers votre sourire parfait.[\/vc_column_text][vc_empty_space height=\u00a0\u00bb40px\u00a0\u00bb][\/vc_column_inner][vc_column_inner width=\u00a0\u00bb1\/3&Prime; css=\u00a0\u00bb.vc_custom_1494303557121{padding-right: 40px !important;}\u00a0\u00bb][vc_column_text]<strong>Q: Combien co\u00fbte le traitement?<\/strong><\/p>\n<p>R: Heureusement, le syst\u00e8me Invisalign a un co\u00fbt souvent similaire aux broches traditionnelles. Puisque le co\u00fbt du traitement varie entre chaque patient, un estim\u00e9 d\u00e9taill\u00e9 vous sera donn\u00e9 d\u00e8s votre premi\u00e8re consultation avec l\u2019orthodontiste.[\/vc_column_text][vc_empty_space height=\u00a0\u00bb40px\u00a0\u00bb][\/vc_column_inner][\/vc_row_inner][\/vc_column][\/vc_row][vc_row css_animation=\u00a0\u00bb\u00a0\u00bb row_type=\u00a0\u00bbrow\u00a0\u00bb use_row_as_full_screen_section=\u00a0\u00bbno\u00a0\u00bb type=\u00a0\u00bbfull_width\u00a0\u00bb angled_section=\u00a0\u00bbno\u00a0\u00bb text_align=\u00a0\u00bbleft\u00a0\u00bb background_image_as_pattern=\u00a0\u00bbwithout_pattern\u00a0\u00bb css=\u00a0\u00bb.vc_custom_1493734435630{padding-top: 75px !important;padding-bottom: 75px !important;}\u00a0\u00bb el_class=\u00a0\u00bbgradient_bg\u00a0\u00bb][vc_column][vc_row_inner row_type=\u00a0\u00bbrow\u00a0\u00bb type=\u00a0\u00bbfull_width\u00a0\u00bb text_align=\u00a0\u00bbcenter\u00a0\u00bb css_animation=\u00a0\u00bb\u00a0\u00bb el_class=\u00a0\u00bbwhite_text\u00a0\u00bb][vc_column_inner width=\u00a0\u00bb1\/6&Prime;][\/vc_column_inner][vc_column_inner width=\u00a0\u00bb2\/3&Prime;][vc_column_text]<\/p>\n<h3 style=\"text-align: center;\"><strong>Contactez-nous d\u00e8s aujourd\u2019hui pour entamer\u00a0votre nouveau sourire!<\/strong><\/h3>\n<p>[\/vc_column_text][vc_empty_space height=\u00a0\u00bb15px\u00a0\u00bb]<a  itemprop=\"url\" href=\"https:\/\/atelierortho.com\/fr\/traitements\/\" target=\"_self\" data-hover-background-color=\"#f6f6f6\" class=\"qbutton  white default\" style=\"margin: 15px 10px; background-color:#ffffff;\">Traitements disponibles<\/a><a id=\"consultation\" itemprop=\"url\" href=\"\" target=\"_self\" data-hover-background-color=\"#f6f6f6\" class=\"qbutton  white default\" style=\"margin: 15px 10px; background-color:#ffffff;\">Demande de consultation<\/a>[\/vc_column_inner][vc_column_inner width=\u00a0\u00bb1\/6&Prime;][\/vc_column_inner][\/vc_row_inner][\/vc_column][\/vc_row]<\/p>\n<\/div>","protected":false},"excerpt":{"rendered":"<p>[vc_row css_animation=\u00a0\u00bb\u00a0\u00bb row_type=\u00a0\u00bbrow\u00a0\u00bb use_row_as_full_screen_section=\u00a0\u00bbno\u00a0\u00bb type=\u00a0\u00bbfull_width\u00a0\u00bb angled_section=\u00a0\u00bbno\u00a0\u00bb text_align=\u00a0\u00bbleft\u00a0\u00bb background_image_as_pattern=\u00a0\u00bbwithout_pattern\u00a0\u00bb css=\u00a0\u00bb.vc_custom_1496964234199{padding-top: 80px !important;padding-bottom: 40px !important;background-color: #ffffff !important;}\u00a0\u00bb][vc_column][vc_row_inner row_type=\u00a0\u00bbrow\u00a0\u00bb type=\u00a0\u00bbfull_width\u00a0\u00bb text_align=\u00a0\u00bbleft\u00a0\u00bb css_animation=\u00a0\u00bb\u00a0\u00bb css=\u00a0\u00bb.vc_custom_1494307597446{padding-bottom: 60px !important;}\u00a0\u00bb][vc_column_inner][vc_single_image image=\u00a0\u00bb482&Prime; img_size=\u00a0\u00bbfull\u00a0\u00bb alignment=\u00a0\u00bbcenter\u00a0\u00bb qode_css_animation=\u00a0\u00bb\u00a0\u00bb el_class=\u00a0\u00bbinvisalign_logo\u00a0\u00bb][\/vc_column_inner][\/vc_row_inner][vc_row_inner row_type=\u00a0\u00bbrow\u00a0\u00bb type=\u00a0\u00bbgrid\u00a0\u00bb text_align=\u00a0\u00bbcenter\u00a0\u00bb css_animation=\u00a0\u00bb\u00a0\u00bb][vc_column_inner width=\u00a0\u00bb1\/3&Prime; css=\u00a0\u00bb.vc_custom_1494307661807{padding-right: 30px !important;padding-left: 30px !important;}\u00a0\u00bb][vc_column_text] Une Alternative Invisible Invisalign est une solution quasi&#8230;<\/p>\n","protected":false},"author":1,"featured_media":0,"parent":536,"menu_order":0,"comment_status":"closed","ping_status":"closed","template":"full_width.php","meta":{"footnotes":""},"class_list":["post-542","page","type-page","status-publish","hentry"],"_links":{"self":[{"href":"https:\/\/atelierortho.com\/fr\/wp-json\/wp\/v2\/pages\/542","targetHints":{"allow":["GET"]}}],"collection":[{"href":"https:\/\/atelierortho.com\/fr\/wp-json\/wp\/v2\/pages"}],"about":[{"href":"https:\/\/atelierortho.com\/fr\/wp-json\/wp\/v2\/types\/page"}],"author":[{"embeddable":true,"href":"https:\/\/atelierortho.com\/fr\/wp-json\/wp\/v2\/users\/1"}],"replies":[{"embeddable":true,"href":"https:\/\/atelierortho.com\/fr\/wp-json\/wp\/v2\/comments?post=542"}],"version-history":[{"count":3,"href":"https:\/\/atelierortho.com\/fr\/wp-json\/wp\/v2\/pages\/542\/revisions"}],"predecessor-version":[{"id":717,"href":"https:\/\/atelierortho.com\/fr\/wp-json\/wp\/v2\/pages\/542\/revisions\/717"}],"up":[{"embeddable":true,"href":"https:\/\/atelierortho.com\/fr\/wp-json\/wp\/v2\/pages\/536"}],"wp:attachment":[{"href":"https:\/\/atelierortho.com\/fr\/wp-json\/wp\/v2\/media?parent=542"}],"curies":[{"name":"wp","href":"https:\/\/api.w.org\/{rel}","templated":true}]}}