{"id":544,"date":"2017-05-30T09:41:05","date_gmt":"2017-05-30T13:41:05","guid":{"rendered":"https:\/\/atelierortho.com\/?page_id=544\/"},"modified":"2024-12-10T10:28:00","modified_gmt":"2024-12-10T15:28:00","slug":"traitements-precoces","status":"publish","type":"page","link":"https:\/\/atelierortho.com\/fr\/traitements\/traitements-precoces\/","title":{"rendered":"Traitements pr\u00e9coces"},"content":{"rendered":"<div class=\"wpb-content-wrapper\"><p>[vc_row css_animation=\u00a0\u00bb\u00a0\u00bb row_type=\u00a0\u00bbrow\u00a0\u00bb use_row_as_full_screen_section=\u00a0\u00bbno\u00a0\u00bb type=\u00a0\u00bbfull_width\u00a0\u00bb angled_section=\u00a0\u00bbno\u00a0\u00bb text_align=\u00a0\u00bbleft\u00a0\u00bb background_image_as_pattern=\u00a0\u00bbwithout_pattern\u00a0\u00bb css=\u00a0\u00bb.vc_custom_1494294245035{background-color: #ffffff !important;}\u00a0\u00bb][vc_column][vc_row_inner row_type=\u00a0\u00bbrow\u00a0\u00bb type=\u00a0\u00bbgrid\u00a0\u00bb text_align=\u00a0\u00bbleft\u00a0\u00bb css_animation=\u00a0\u00bb\u00a0\u00bb css=\u00a0\u00bb.vc_custom_1496964699357{padding-top: 80px !important;padding-bottom: 50px !important;}\u00a0\u00bb][vc_column_inner width=\u00a0\u00bb5\/6&Prime;][vc_empty_space height=\u00a0\u00bb80px\u00a0\u00bb][vc_column_text css=\u00a0\u00bb\u00a0\u00bb]M\u00eame si un orthodontiste peut am\u00e9liorer un sourire peu importe l\u2019\u00e2ge du patient, il y a un temps ideal pour d\u00e9buter un traitement orthodontique.<\/p>\n<p>L\u2019Association Canadienne des Orthodontistes recommande qu\u2019une consultation orthodontique se fasse d\u00e8s qu\u2019un probl\u00e8me est per\u00e7u ou plus tard \u00e0 l\u2019\u00e2ge de 7 ans. \u00c0 ce stade de pr\u00e9coce, le traitement orthodontique peut ne pas \u00eatre n\u00e9cessaire, mais un examen pr\u00e9ventif peut aussi faire la diff\u00e9rence et confirmer le moment ideal pour d\u00e9buter le traitement d\u2019orthodontie, ce qui permet d\u2019obtenir de meilleurs r\u00e9sultats, tout en r\u00e9duisant les co\u00fbts et les d\u00e9lais.<br \/>\n[\/vc_column_text][vc_empty_space height=\u00a0\u00bb80px\u00a0\u00bb][\/vc_column_inner][vc_column_inner width=\u00a0\u00bb1\/6&Prime;][vc_empty_space height=\u00a0\u00bb80px\u00a0\u00bb][vc_single_image image=\u00a0\u00bb98&Prime; img_size=\u00a0\u00bbfull\u00a0\u00bb alignment=\u00a0\u00bbcenter\u00a0\u00bb qode_css_animation=\u00a0\u00bb\u00a0\u00bb el_class=\u00a0\u00bbtreatment_icon_inner\u00a0\u00bb][vc_empty_space height=\u00a0\u00bb80px\u00a0\u00bb][\/vc_column_inner][\/vc_row_inner][\/vc_column][\/vc_row][vc_row css_animation=\u00a0\u00bb\u00a0\u00bb row_type=\u00a0\u00bbrow\u00a0\u00bb use_row_as_full_screen_section=\u00a0\u00bbno\u00a0\u00bb type=\u00a0\u00bbfull_width\u00a0\u00bb angled_section=\u00a0\u00bbno\u00a0\u00bb text_align=\u00a0\u00bbleft\u00a0\u00bb background_image_as_pattern=\u00a0\u00bbwithout_pattern\u00a0\u00bb css=\u00a0\u00bb.vc_custom_1494294113014{background-color: #f6f6f6 !important;}\u00a0\u00bb][vc_column][vc_row_inner row_type=\u00a0\u00bbrow\u00a0\u00bb type=\u00a0\u00bbfull_width\u00a0\u00bb text_align=\u00a0\u00bbleft\u00a0\u00bb css_animation=\u00a0\u00bb\u00a0\u00bb][vc_column_inner][vc_column_text css=\u00a0\u00bb\u00a0\u00bb]<\/p>\n<table class=\"table_with_sidePic\">\n<tbody>\n<tr>\n<td class=\"sidePic\" style=\"width: 50%; background-image: url('https:\/\/atelierortho.com\/wp-content\/uploads\/2017\/05\/Early_treatments_2.jpg'); background-size: cover; background-position: center;\"><\/td>\n<td class=\"sideText\" style=\"width: 50%;\">\n<div class=\"sideText_inner\">\n<h5>En effectuant une \u00e9valuation pr\u00e9coce, on peut d\u00e9tecter rapidement les probl\u00e8mes et ouvrir la voie \u00e0 un traitement plus efficace.<\/h5>\n<p>La meilleure fa\u00e7on de pr\u00e9venir les probl\u00e8mes graves est de mettre en place une intervention prudente qui favorisera la croissance et le d\u00e9veloppement.<\/p>\n<p><strong>Les r\u00e9sultats les plus directs d\u2019un traitement intercept\u00e9 sont:<\/strong><\/p>\n<ul>\n<li>Cr\u00e9er de la place pour les dents qui sont en d\u00e9but de croissance<\/li>\n<li>Cr\u00e9er une sym\u00e9trie faciale en influen\u00e7ant la croissance de la m\u00e2choire<\/li>\n<li>R\u00e9duire le risque de traumatisme sur les incisives<\/li>\n<li>Pr\u00e9server de l\u2019espace pour les dents Non \u00e9rupt\u00e9es<\/li>\n<li>R\u00e9duction du besoin d\u2019extraction de dents<\/li>\n<li>R\u00e9duction du temps de traitement avec broches<\/li>\n<\/ul>\n<\/div>\n<\/td>\n<\/tr>\n<\/tbody>\n<\/table>\n<p>[\/vc_column_text][\/vc_column_inner][\/vc_row_inner][\/vc_column][\/vc_row][vc_row css_animation=\u00a0\u00bb\u00a0\u00bb row_type=\u00a0\u00bbrow\u00a0\u00bb use_row_as_full_screen_section=\u00a0\u00bbno\u00a0\u00bb type=\u00a0\u00bbfull_width\u00a0\u00bb angled_section=\u00a0\u00bbno\u00a0\u00bb text_align=\u00a0\u00bbleft\u00a0\u00bb background_image_as_pattern=\u00a0\u00bbwithout_pattern\u00a0\u00bb css=\u00a0\u00bb.vc_custom_1494294460642{padding-top: 80px !important;padding-bottom: 80px !important;background-color: #ffffff !important;}\u00a0\u00bb][vc_column][vc_row_inner row_type=\u00a0\u00bbrow\u00a0\u00bb type=\u00a0\u00bbgrid\u00a0\u00bb text_align=\u00a0\u00bbleft\u00a0\u00bb css_animation=\u00a0\u00bb\u00a0\u00bb][vc_column_inner width=\u00a0\u00bb1\/2&Prime; css=\u00a0\u00bb.vc_custom_1494294513247{padding-right: 40px !important;}\u00a0\u00bb][vc_column_text css=\u00a0\u00bb\u00a0\u00bb]<\/p>\n<h5>Signes d\u2019une malocclusion<\/h5>\n<p>Il n&rsquo;est pas toujours facile de d\u00e9tecter si votre enfant a un probl\u00e8me d&rsquo;orthodontie. M\u00eame les dents qui semblent droites peuvent cacher un probl\u00e8me de m\u00e2choire. Voici quelques indices qui indiquent la n\u00e9cessit\u00e9 d&rsquo;une attention orthodontique:<\/p>\n<ul>\n<li>Perte h\u00e2tive ou tardive des dents primaires<\/li>\n<li>Difficult\u00e9 \u00e0 m\u00e2cher ou mordre<\/li>\n<li>Respirer par la bouche<\/li>\n<li>Sucer le pouce<\/li>\n<li>Dents croches, d\u00e9plac\u00e9es ou bloqu\u00e9es<\/li>\n<li>M\u00e2choire trop avanc\u00e9e ou recul\u00e9e<\/li>\n<li>Morsures \u00e0 la joue ou au palais<\/li>\n<li>Dents sup\u00e9rieures et inf\u00e9rieures avec contact \u00e9trange ou sans contact<\/li>\n<li>Apparence faciale d\u00e9s\u00e9quilibr\u00e9e ou asym\u00e9trique<\/li>\n<li>Grincement des dents<\/li>\n<\/ul>\n<p>[\/vc_column_text][\/vc_column_inner][vc_column_inner width=\u00a0\u00bb1\/2&Prime; css=\u00a0\u00bb.vc_custom_1494298202248{padding-right: 40px !important;padding-left: 80px !important;}\u00a0\u00bb][vc_column_text css=\u00a0\u00bb\u00a0\u00bb]<\/p>\n<h5>Choisir le temps optimal pour le traitement<\/h5>\n<p>Dans le cas o\u00f9 un traitement est recommand\u00e9, votre orthodontiste vous guidera et vous indiquera le moment id\u00e9al pour commencer le traitement. Votre orthodontiste disposera d\u2019une plus grande marge de man\u0153uvre pour :<\/p>\n<ul>\n<li>Guider la croissance de la m\u00e2choire<\/li>\n<li>Diminuer les risques de traumatisme sur les incisives<\/li>\n<li>Corriger les habitudes orales nuisibles<\/li>\n<li>Am\u00e9liorer l&rsquo;apparence et l&rsquo;estime de soi<\/li>\n<li>Guider les dents permanentes dans une position plus favorable<\/li>\n<li>Am\u00e9liorer la fa\u00e7on dont les l\u00e8vres se ferment ensemble<\/li>\n<\/ul>\n<p>[\/vc_column_text][\/vc_column_inner][\/vc_row_inner][\/vc_column][\/vc_row][vc_row css_animation=\u00a0\u00bb\u00a0\u00bb row_type=\u00a0\u00bbrow\u00a0\u00bb use_row_as_full_screen_section=\u00a0\u00bbno\u00a0\u00bb type=\u00a0\u00bbfull_width\u00a0\u00bb angled_section=\u00a0\u00bbno\u00a0\u00bb text_align=\u00a0\u00bbleft\u00a0\u00bb background_image_as_pattern=\u00a0\u00bbwithout_pattern\u00a0\u00bb css=\u00a0\u00bb.vc_custom_1494294113014{background-color: #f6f6f6 !important;}\u00a0\u00bb][vc_column][vc_row_inner row_type=\u00a0\u00bbrow\u00a0\u00bb type=\u00a0\u00bbfull_width\u00a0\u00bb text_align=\u00a0\u00bbleft\u00a0\u00bb css_animation=\u00a0\u00bb\u00a0\u00bb][vc_column_inner][vc_column_text css=\u00a0\u00bb\u00a0\u00bb]<\/p>\n<table class=\"table_with_sidePic\">\n<tbody>\n<tr>\n<td class=\"sideText\" style=\"width: 50%;\">\n<div class=\"sideText_inner\" style=\"float: right;\">\n<h5>Donnez \u00e0 votre enfant le cadeau d\u2019un sourire en sant\u00e9<\/h5>\n<p>Non seulement les dents bien align\u00e9es donnent une belle allure \u00e0 n\u2019importe quel sourire, elles sont \u00e9galement essentielles pour une bonne sant\u00e9 dentaire. Les dents mal align\u00e9es peuvent entra\u00eener des probl\u00e8mes dentaires. Ce n\u2019est pas tout le monde qui a besoin d\u2019un traitement orthodontique. Par contre, si votre enfant a un besoin orthodontique, il est important de commencer le traitement lorsque vous avez les plus grandes chances de r\u00e9ussite.<\/p>\n<p><strong>Tous les enfants devraient voir un orthodontiste avant l\u2019\u00e2ge de 7 ans<\/strong><\/p>\n<p>Pour avoir un sourire qui est en sant\u00e9 et ce pour la vie, votre enfant a besoin de dents et m\u00e2choires correctement align\u00e9es. L&rsquo;Association canadienne des orthodontistes recommande \u00e0 votre enfant de consulter un orthodontiste au plus tard \u00e0 l&rsquo;\u00e2ge de 7 ans. \u00c0 ce moment-l\u00e0, les dents de votre enfant sont suffisamment d\u00e9velopp\u00e9s pour d\u00e9tecter s\u2019il y a des probl\u00e8mes subtils li\u00e9s \u00e0 la croissance de la m\u00e2choire et aux dents \u00e9mergentes.<\/p>\n<\/div>\n<\/td>\n<td class=\"sidePic\" style=\"width: 50%; background-image: url('https:\/\/atelierortho.com\/wp-content\/uploads\/2017\/05\/early_treatments_3.jpg'); background-size: cover; background-position: center;\"><\/td>\n<\/tr>\n<\/tbody>\n<\/table>\n<p>[\/vc_column_text][\/vc_column_inner][\/vc_row_inner][\/vc_column][\/vc_row][vc_row css_animation=\u00a0\u00bb\u00a0\u00bb row_type=\u00a0\u00bbrow\u00a0\u00bb use_row_as_full_screen_section=\u00a0\u00bbno\u00a0\u00bb type=\u00a0\u00bbfull_width\u00a0\u00bb angled_section=\u00a0\u00bbno\u00a0\u00bb text_align=\u00a0\u00bbleft\u00a0\u00bb background_image_as_pattern=\u00a0\u00bbwithout_pattern\u00a0\u00bb css=\u00a0\u00bb.vc_custom_1493734435630{padding-top: 75px !important;padding-bottom: 75px !important;}\u00a0\u00bb el_class=\u00a0\u00bbgradient_bg\u00a0\u00bb][vc_column][vc_row_inner row_type=\u00a0\u00bbrow\u00a0\u00bb type=\u00a0\u00bbfull_width\u00a0\u00bb text_align=\u00a0\u00bbcenter\u00a0\u00bb css_animation=\u00a0\u00bb\u00a0\u00bb el_class=\u00a0\u00bbwhite_text\u00a0\u00bb][vc_column_inner width=\u00a0\u00bb1\/6&Prime;][\/vc_column_inner][vc_column_inner width=\u00a0\u00bb2\/3&Prime;][vc_column_text]<\/p>\n<h3 style=\"text-align: center;\"><strong>Contactez-nous d\u00e8s aujourd\u2019hui pour entamer votre nouveau sourire!<\/strong><\/h3>\n<p>[\/vc_column_text][vc_empty_space height=\u00a0\u00bb15px\u00a0\u00bb]<a  itemprop=\"url\" href=\"https:\/\/atelierortho.com\/fr\/traitements\/\" target=\"_self\" data-hover-background-color=\"#f6f6f6\" class=\"qbutton  white default\" style=\"margin: 15px 10px; background-color:#ffffff;\">Traitements disponibles<\/a><a id=\"consultation\" itemprop=\"url\" href=\"\" target=\"_self\" data-hover-background-color=\"#f6f6f6\" class=\"qbutton  white default\" style=\"margin: 15px 10px; background-color:#ffffff;\">Demande de consultation<\/a>[\/vc_column_inner][vc_column_inner width=\u00a0\u00bb1\/6&Prime;][\/vc_column_inner][\/vc_row_inner][\/vc_column][\/vc_row]<\/p>\n<\/div>","protected":false},"excerpt":{"rendered":"<p>[vc_row css_animation=\u00a0\u00bb\u00a0\u00bb row_type=\u00a0\u00bbrow\u00a0\u00bb use_row_as_full_screen_section=\u00a0\u00bbno\u00a0\u00bb type=\u00a0\u00bbfull_width\u00a0\u00bb angled_section=\u00a0\u00bbno\u00a0\u00bb text_align=\u00a0\u00bbleft\u00a0\u00bb background_image_as_pattern=\u00a0\u00bbwithout_pattern\u00a0\u00bb css=\u00a0\u00bb.vc_custom_1494294245035{background-color: #ffffff !important;}\u00a0\u00bb][vc_column][vc_row_inner row_type=\u00a0\u00bbrow\u00a0\u00bb type=\u00a0\u00bbgrid\u00a0\u00bb text_align=\u00a0\u00bbleft\u00a0\u00bb css_animation=\u00a0\u00bb\u00a0\u00bb css=\u00a0\u00bb.vc_custom_1496964699357{padding-top: 80px !important;padding-bottom: 50px !important;}\u00a0\u00bb][vc_column_inner width=\u00a0\u00bb5\/6&Prime;][vc_empty_space height=\u00a0\u00bb80px\u00a0\u00bb][vc_column_text css=\u00a0\u00bb\u00a0\u00bb]M\u00eame si un orthodontiste peut am\u00e9liorer un sourire peu importe l\u2019\u00e2ge du patient, il y a un temps ideal pour d\u00e9buter un traitement&#8230;<\/p>\n","protected":false},"author":1,"featured_media":0,"parent":536,"menu_order":0,"comment_status":"closed","ping_status":"closed","template":"full_width.php","meta":{"footnotes":""},"class_list":["post-544","page","type-page","status-publish","hentry"],"_links":{"self":[{"href":"https:\/\/atelierortho.com\/fr\/wp-json\/wp\/v2\/pages\/544","targetHints":{"allow":["GET"]}}],"collection":[{"href":"https:\/\/atelierortho.com\/fr\/wp-json\/wp\/v2\/pages"}],"about":[{"href":"https:\/\/atelierortho.com\/fr\/wp-json\/wp\/v2\/types\/page"}],"author":[{"embeddable":true,"href":"https:\/\/atelierortho.com\/fr\/wp-json\/wp\/v2\/users\/1"}],"replies":[{"embeddable":true,"href":"https:\/\/atelierortho.com\/fr\/wp-json\/wp\/v2\/comments?post=544"}],"version-history":[{"count":3,"href":"https:\/\/atelierortho.com\/fr\/wp-json\/wp\/v2\/pages\/544\/revisions"}],"predecessor-version":[{"id":1486,"href":"https:\/\/atelierortho.com\/fr\/wp-json\/wp\/v2\/pages\/544\/revisions\/1486"}],"up":[{"embeddable":true,"href":"https:\/\/atelierortho.com\/fr\/wp-json\/wp\/v2\/pages\/536"}],"wp:attachment":[{"href":"https:\/\/atelierortho.com\/fr\/wp-json\/wp\/v2\/media?parent=544"}],"curies":[{"name":"wp","href":"https:\/\/api.w.org\/{rel}","templated":true}]}}