{"id":546,"date":"2017-05-30T09:42:39","date_gmt":"2017-05-30T13:42:39","guid":{"rendered":"https:\/\/atelierortho.com\/?page_id=546\/"},"modified":"2024-11-08T12:51:37","modified_gmt":"2024-11-08T17:51:37","slug":"broches","status":"publish","type":"page","link":"https:\/\/atelierortho.com\/fr\/traitements\/broches\/","title":{"rendered":"Broches"},"content":{"rendered":"<div class=\"wpb-content-wrapper\"><p>[vc_row css_animation=\u00a0\u00bb\u00a0\u00bb row_type=\u00a0\u00bbrow\u00a0\u00bb use_row_as_full_screen_section=\u00a0\u00bbno\u00a0\u00bb type=\u00a0\u00bbfull_width\u00a0\u00bb angled_section=\u00a0\u00bbno\u00a0\u00bb text_align=\u00a0\u00bbleft\u00a0\u00bb background_image_as_pattern=\u00a0\u00bbwithout_pattern\u00a0\u00bb css=\u00a0\u00bb.vc_custom_1494294245035{background-color: #ffffff !important;}\u00a0\u00bb][vc_column][vc_row_inner row_type=\u00a0\u00bbrow\u00a0\u00bb type=\u00a0\u00bbgrid\u00a0\u00bb text_align=\u00a0\u00bbleft\u00a0\u00bb css_animation=\u00a0\u00bb\u00a0\u00bb css=\u00a0\u00bb.vc_custom_1494307891873{padding-top: 80px !important;padding-bottom: 60px !important;}\u00a0\u00bb][vc_column_inner width=\u00a0\u00bb2\/3&Prime;][vc_column_text css=\u00a0\u00bb\u00a0\u00bb]<strong>Appareils auto-ligaturants \u00ab\u00a0broches conviviales pour les patients\u00a0\u00bb<\/strong><\/p>\n<p>Avec les appareils auto-ligaturants, obtenir un beau sourire en un temps record n\u2019a jamais \u00e9t\u00e9 aussi facile. Ces broches \u00e9l\u00e9gantes et confortables ont \u00e9t\u00e9 con\u00e7ues en pensant \u00e0 vous, le patient.[\/vc_column_text][vc_empty_space height=\u00a0\u00bb30px\u00a0\u00bb][\/vc_column_inner][vc_column_inner width=\u00a0\u00bb1\/3&Prime; css=\u00a0\u00bb.vc_custom_1494307915295{padding-top: 12px !important;padding-right: 100px !important;padding-left: 100px !important;}\u00a0\u00bb][vc_single_image image=\u00a0\u00bb94&Prime; img_size=\u00a0\u00bbfull\u00a0\u00bb alignment=\u00a0\u00bbcenter\u00a0\u00bb qode_css_animation=\u00a0\u00bb\u00a0\u00bb el_class=\u00a0\u00bbtreatment_icon_inner\u00a0\u00bb][vc_empty_space height=\u00a0\u00bb30px\u00a0\u00bb][\/vc_column_inner][\/vc_row_inner][\/vc_column][\/vc_row][vc_row css_animation=\u00a0\u00bb\u00a0\u00bb row_type=\u00a0\u00bbrow\u00a0\u00bb use_row_as_full_screen_section=\u00a0\u00bbno\u00a0\u00bb type=\u00a0\u00bbfull_width\u00a0\u00bb angled_section=\u00a0\u00bbno\u00a0\u00bb text_align=\u00a0\u00bbleft\u00a0\u00bb background_image_as_pattern=\u00a0\u00bbwithout_pattern\u00a0\u00bb css=\u00a0\u00bb.vc_custom_1494294113014{background-color: #f6f6f6 !important;}\u00a0\u00bb][vc_column][vc_row_inner row_type=\u00a0\u00bbrow\u00a0\u00bb type=\u00a0\u00bbfull_width\u00a0\u00bb text_align=\u00a0\u00bbleft\u00a0\u00bb css_animation=\u00a0\u00bb\u00a0\u00bb][vc_column_inner][vc_column_text]<\/p>\n<table class=\"table_with_sidePic\">\n<tbody>\n<tr>\n<td class=\"sidePic\" style=\"width: 50%; background-image: url('https:\/\/atelierortho.com\/wp-content\/uploads\/2017\/05\/Braces_2.jpg'); background-size: cover; background-position: center 30%;\"><strong>\u00a0<\/strong><\/td>\n<td class=\"sideText\" style=\"width: 50%;\">\n<div class=\"sideText_inner\">\n<p><strong>Qu&rsquo;est-ce qu&rsquo;un appareil auto-ligaturant?<\/strong><\/p>\n<p>Les appareils auto-ligaturants diff\u00e8rent des broches traditionnelles car ils n&rsquo;ont pas besoin de ligatures \u00e9lastiques pour maintenir le fil dans la fente du bo\u00eetier.<\/p>\n<p>Au lieu des \u00e9lastiques, nos broches comportent une porte coulissante qui s&rsquo;ouvre et se ferme pour engager le fil, rendant les rendez-vous plus rapides, plus simples et plus confortables que les broches conventionnelles.<\/p>\n<\/div>\n<\/td>\n<\/tr>\n<\/tbody>\n<\/table>\n<p>[\/vc_column_text][\/vc_column_inner][\/vc_row_inner][\/vc_column][\/vc_row][vc_row css_animation=\u00a0\u00bb\u00a0\u00bb row_type=\u00a0\u00bbrow\u00a0\u00bb use_row_as_full_screen_section=\u00a0\u00bbno\u00a0\u00bb type=\u00a0\u00bbfull_width\u00a0\u00bb angled_section=\u00a0\u00bbno\u00a0\u00bb text_align=\u00a0\u00bbleft\u00a0\u00bb background_image_as_pattern=\u00a0\u00bbwithout_pattern\u00a0\u00bb css=\u00a0\u00bb.vc_custom_1494309877938{padding-top: 80px !important;padding-bottom: 80px !important;background-color: #ffffff !important;}\u00a0\u00bb][vc_column][vc_row_inner row_type=\u00a0\u00bbrow\u00a0\u00bb type=\u00a0\u00bbgrid\u00a0\u00bb text_align=\u00a0\u00bbleft\u00a0\u00bb css_animation=\u00a0\u00bb\u00a0\u00bb css=\u00a0\u00bb.vc_custom_1494309918227{padding-bottom: 40px !important;}\u00a0\u00bb][vc_column_inner][vc_column_text]<\/p>\n<h3>Les avantages pour vous!<\/h3>\n<p>[\/vc_column_text][\/vc_column_inner][\/vc_row_inner][vc_row_inner row_type=\u00a0\u00bbrow\u00a0\u00bb type=\u00a0\u00bbgrid\u00a0\u00bb text_align=\u00a0\u00bbleft\u00a0\u00bb css_animation=\u00a0\u00bb\u00a0\u00bb][vc_column_inner css=\u00a0\u00bb.vc_custom_1494310155053{padding-right: 80px !important;}\u00a0\u00bb][vc_column_text]<strong>Des r\u00e9sultats pr\u00e9cis<\/strong><br \/>\nLes designs uniques des syst\u00e8mes permettent au docteur d\u2019atteindre une pr\u00e9cision remarquable, des r\u00e9sultats hors pair et un merveilleux sourire!<\/p>\n<p><strong>Un design \u00e9l\u00e9gant, et non \u00e9vident<br \/>\n<\/strong>Vous pouvez \u00e9viter l\u2019irritation et l\u2019inconfort qui est typiquement caus\u00e9 par des \u00e9lastiques et des broches traditionnelles.<\/p>\n<p><strong>Plus de cha\u00eenes ni d\u2019\u00e9lastiques<br \/>\n<\/strong>Il est maintenant plus facile de garder vos dents propres et libres de d\u00e9bris. H\u00e9las, votre hygi\u00e8ne dentaire sera beaucoup plus saine.[\/vc_column_text][\/vc_column_inner][\/vc_row_inner][\/vc_column][\/vc_row][vc_row css_animation=\u00a0\u00bb\u00a0\u00bb row_type=\u00a0\u00bbrow\u00a0\u00bb use_row_as_full_screen_section=\u00a0\u00bbno\u00a0\u00bb type=\u00a0\u00bbfull_width\u00a0\u00bb angled_section=\u00a0\u00bbno\u00a0\u00bb text_align=\u00a0\u00bbleft\u00a0\u00bb background_image_as_pattern=\u00a0\u00bbwithout_pattern\u00a0\u00bb css=\u00a0\u00bb.vc_custom_1494310020928{padding-top: 80px !important;padding-bottom: 80px !important;}\u00a0\u00bb][vc_column][vc_row_inner row_type=\u00a0\u00bbrow\u00a0\u00bb type=\u00a0\u00bbgrid\u00a0\u00bb text_align=\u00a0\u00bbleft\u00a0\u00bb css_animation=\u00a0\u00bb\u00a0\u00bb css=\u00a0\u00bb.vc_custom_1494310056254{padding-bottom: 40px !important;}\u00a0\u00bb][vc_column_inner][vc_column_text]<\/p>\n<h3>Manger avec des broches<\/h3>\n<p>[\/vc_column_text][\/vc_column_inner][\/vc_row_inner][vc_row_inner row_type=\u00a0\u00bbrow\u00a0\u00bb type=\u00a0\u00bbgrid\u00a0\u00bb text_align=\u00a0\u00bbleft\u00a0\u00bb css_animation=\u00a0\u00bb\u00a0\u00bb][vc_column_inner width=\u00a0\u00bb1\/2&Prime;][vc_column_text]<strong>Aliments \u00e0 \u00e9viter avec des broches<\/strong><\/p>\n<p>Vos broches sont tr\u00e8s solides. Elles sont con\u00e7ues pour rester sur vos dents tout au long de votre traitement orthodontique. En suivant ces quelques conseils, vous pouvez minimiser les ruptures et maximiser l\u2019efficacit\u00e9 du traitement. D\u00e8s le premier jour, les aliments doux seront vos meilleurs amis jusqu&rsquo;\u00e0 ce que vous vous habituiez \u00e0 m\u00e2cher avec des broches. \u00c9vitez les viandes dures, les pains durs et les l\u00e9gumes crus.<\/p>\n<p>M\u00eame lorsque vous \u00eates habitu\u00e9s \u00e0 m\u00e2cher et \u00e0 manger avec des broches, vous devez prot\u00e9ger vos appareils orthodontiques lorsque vous mangez pendant toute la dur\u00e9e du traitement. Nous vous demandons d&rsquo;\u00e9viter de consommer des aliments collants ou durs lors de votre traitement orthodontique.<\/p>\n<p>La consommation de ces aliments peut causer des dommages aux fils m\u00e9talliques, \u00e9carter les broches et desserrer les bandes qui d\u00e9tiennent le syst\u00e8me orthodontique. Les broches, les fils et les appareils endommag\u00e9s ou bris\u00e9s causeront un traitement plus long.<\/p>\n<p>Les \u00e9pis de ma\u00efs, la viande sur l&rsquo;os, les pommes, les carottes, les bagels, etc. devraient \u00eatre coup\u00e9s en morceaux avant d\u2019\u00eatre consomm\u00e9s. [\/vc_column_text][\/vc_column_inner][vc_column_inner width=\u00a0\u00bb1\/2&Prime; css=\u00a0\u00bb.vc_custom_1494310143285{padding-left: 80px !important;}\u00a0\u00bb][vc_column_text]<strong>Les plus gros ennemis des broches<\/strong><\/p>\n<ul>\n<li>Glace<\/li>\n<li>Noix (ou tout ce qui contient des noix)<\/li>\n<li>Croustilles dures (croustilles au ma\u00efs, Doritos ou Fritos)<\/li>\n<li>Bonbons durs ou collants (caramels, su\u00e7ons, Jolly Ranchers, etc.)<\/li>\n<li>Pommes<\/li>\n<li>Bagels<\/li>\n<li>Ma\u00efs \u00e9clat\u00e9<\/li>\n<li>Cro\u00fbtes de pizza ou bretzels durs<\/li>\n<li>\u00c9pis de ma\u00efs<\/li>\n<li>Crayons et bouchons \u00e0 crayon<\/li>\n<\/ul>\n<p>[\/vc_column_text][\/vc_column_inner][\/vc_row_inner][vc_row_inner row_type=\u00a0\u00bbrow\u00a0\u00bb type=\u00a0\u00bbgrid\u00a0\u00bb text_align=\u00a0\u00bbleft\u00a0\u00bb css_animation=\u00a0\u00bb\u00a0\u00bb css=\u00a0\u00bb.vc_custom_1494310258486{padding-top: 30px !important;}\u00a0\u00bb][vc_column_inner][vc_column_text]De plus, m\u00e2cher des pailles ou mordre les ongles peut aussi causer des dommages, et \u00e9viter le b\u0153uf jerky, les Slim Jim et les gommes \u00e0 m\u00e2cher (vous pouvez m\u00e2cher des gommes sans sucre con\u00e7ues pour ne pas adh\u00e9rer aux appareils dentaires).<\/p>\n<p>En tant que patient, vous \u00eates responsable de prendre soin de votre appareil et de vos broches tous les jours pour vous assurer que tout est bien attach\u00e9 aux dents. Si vous remarquez que quelque chose est lousse, il faut appeler notre bureau d\u00e8s que possible, m\u00eame si vous avez un rendez-vous pr\u00e9vu dans les jours qui suivent.[\/vc_column_text][\/vc_column_inner][\/vc_row_inner][\/vc_column][\/vc_row][vc_row css_animation=\u00a0\u00bb\u00a0\u00bb row_type=\u00a0\u00bbrow\u00a0\u00bb use_row_as_full_screen_section=\u00a0\u00bbno\u00a0\u00bb type=\u00a0\u00bbfull_width\u00a0\u00bb angled_section=\u00a0\u00bbno\u00a0\u00bb text_align=\u00a0\u00bbleft\u00a0\u00bb background_image_as_pattern=\u00a0\u00bbwithout_pattern\u00a0\u00bb css=\u00a0\u00bb.vc_custom_1493734435630{padding-top: 75px !important;padding-bottom: 75px !important;}\u00a0\u00bb el_class=\u00a0\u00bbgradient_bg\u00a0\u00bb][vc_column][vc_row_inner row_type=\u00a0\u00bbrow\u00a0\u00bb type=\u00a0\u00bbfull_width\u00a0\u00bb text_align=\u00a0\u00bbcenter\u00a0\u00bb css_animation=\u00a0\u00bb\u00a0\u00bb el_class=\u00a0\u00bbwhite_text\u00a0\u00bb][vc_column_inner width=\u00a0\u00bb1\/6&Prime;][\/vc_column_inner][vc_column_inner width=\u00a0\u00bb2\/3&Prime;][vc_column_text]<\/p>\n<h3 style=\"text-align: center;\"><strong>Contactez-nous d\u00e8s aujourd\u2019hui pour entamer votre nouveau sourire!<\/strong><\/h3>\n<p>[\/vc_column_text][vc_empty_space height=\u00a0\u00bb15px\u00a0\u00bb]<a  itemprop=\"url\" href=\"https:\/\/atelierortho.com\/fr\/traitements\/\" target=\"_self\" data-hover-background-color=\"#f6f6f6\" class=\"qbutton  white default\" style=\"margin: 15px 10px; background-color:#ffffff;\">Traitements disponibles<\/a><a id=\"consultation\" itemprop=\"url\" href=\"\" target=\"_self\" data-hover-background-color=\"#f6f6f6\" class=\"qbutton  white default\" style=\"margin: 15px 10px; background-color:#ffffff;\">Demande de consultation<\/a>[\/vc_column_inner][vc_column_inner width=\u00a0\u00bb1\/6&Prime;][\/vc_column_inner][\/vc_row_inner][\/vc_column][\/vc_row]<\/p>\n<\/div>","protected":false},"excerpt":{"rendered":"<p>[vc_row css_animation=\u00a0\u00bb\u00a0\u00bb row_type=\u00a0\u00bbrow\u00a0\u00bb use_row_as_full_screen_section=\u00a0\u00bbno\u00a0\u00bb type=\u00a0\u00bbfull_width\u00a0\u00bb angled_section=\u00a0\u00bbno\u00a0\u00bb text_align=\u00a0\u00bbleft\u00a0\u00bb background_image_as_pattern=\u00a0\u00bbwithout_pattern\u00a0\u00bb css=\u00a0\u00bb.vc_custom_1494294245035{background-color: #ffffff !important;}\u00a0\u00bb][vc_column][vc_row_inner row_type=\u00a0\u00bbrow\u00a0\u00bb type=\u00a0\u00bbgrid\u00a0\u00bb text_align=\u00a0\u00bbleft\u00a0\u00bb css_animation=\u00a0\u00bb\u00a0\u00bb css=\u00a0\u00bb.vc_custom_1494307891873{padding-top: 80px !important;padding-bottom: 60px !important;}\u00a0\u00bb][vc_column_inner width=\u00a0\u00bb2\/3&Prime;][vc_column_text css=\u00a0\u00bb\u00a0\u00bb]Appareils auto-ligaturants \u00ab\u00a0broches conviviales pour les patients\u00a0\u00bb Avec les appareils auto-ligaturants, obtenir un beau sourire en un temps record n\u2019a jamais \u00e9t\u00e9 aussi facile&#8230;.<\/p>\n","protected":false},"author":1,"featured_media":0,"parent":536,"menu_order":0,"comment_status":"closed","ping_status":"closed","template":"full_width.php","meta":{"footnotes":""},"class_list":["post-546","page","type-page","status-publish","hentry"],"_links":{"self":[{"href":"https:\/\/atelierortho.com\/fr\/wp-json\/wp\/v2\/pages\/546","targetHints":{"allow":["GET"]}}],"collection":[{"href":"https:\/\/atelierortho.com\/fr\/wp-json\/wp\/v2\/pages"}],"about":[{"href":"https:\/\/atelierortho.com\/fr\/wp-json\/wp\/v2\/types\/page"}],"author":[{"embeddable":true,"href":"https:\/\/atelierortho.com\/fr\/wp-json\/wp\/v2\/users\/1"}],"replies":[{"embeddable":true,"href":"https:\/\/atelierortho.com\/fr\/wp-json\/wp\/v2\/comments?post=546"}],"version-history":[{"count":3,"href":"https:\/\/atelierortho.com\/fr\/wp-json\/wp\/v2\/pages\/546\/revisions"}],"predecessor-version":[{"id":1457,"href":"https:\/\/atelierortho.com\/fr\/wp-json\/wp\/v2\/pages\/546\/revisions\/1457"}],"up":[{"embeddable":true,"href":"https:\/\/atelierortho.com\/fr\/wp-json\/wp\/v2\/pages\/536"}],"wp:attachment":[{"href":"https:\/\/atelierortho.com\/fr\/wp-json\/wp\/v2\/media?parent=546"}],"curies":[{"name":"wp","href":"https:\/\/api.w.org\/{rel}","templated":true}]}}