{"id":548,"date":"2017-05-30T09:43:38","date_gmt":"2017-05-30T13:43:38","guid":{"rendered":"https:\/\/atelierortho.com\/?page_id=548\/"},"modified":"2017-06-08T17:43:58","modified_gmt":"2017-06-08T21:43:58","slug":"traitements-adultes","status":"publish","type":"page","link":"https:\/\/atelierortho.com\/fr\/traitements\/traitements-adultes\/","title":{"rendered":"Traitements adultes"},"content":{"rendered":"<div class=\"wpb-content-wrapper\"><p>[vc_row css_animation=\u00a0\u00bb\u00a0\u00bb row_type=\u00a0\u00bbrow\u00a0\u00bb use_row_as_full_screen_section=\u00a0\u00bbno\u00a0\u00bb type=\u00a0\u00bbfull_width\u00a0\u00bb angled_section=\u00a0\u00bbno\u00a0\u00bb text_align=\u00a0\u00bbleft\u00a0\u00bb background_image_as_pattern=\u00a0\u00bbwithout_pattern\u00a0\u00bb css=\u00a0\u00bb.vc_custom_1494294245035{background-color: #ffffff !important;}\u00a0\u00bb][vc_column][vc_row_inner row_type=\u00a0\u00bbrow\u00a0\u00bb type=\u00a0\u00bbgrid\u00a0\u00bb text_align=\u00a0\u00bbleft\u00a0\u00bb css_animation=\u00a0\u00bb\u00a0\u00bb css=\u00a0\u00bb.vc_custom_1494294265329{padding-top: 80px !important;padding-bottom: 80px !important;}\u00a0\u00bb][vc_column_inner width=\u00a0\u00bb1\/2&Prime;][vc_column_text]Le traitement orthodontique au stade ult\u00e9rieur de la vie peut consid\u00e9rablement am\u00e9liorer votre apparence personnelle et votre estime de soi. Une am\u00e9lioration de la sant\u00e9 de vos dents et de vos gencives est \u00e9galement importante. Les dents tordues ou une mauvaise morsure peuvent contribuer \u00e0 la perte de gencives et aux os, des caries, des usures anormales de l&rsquo;\u00e9mail dentaire et des surfaces, des maux de t\u00eate et de la douleur de la m\u00e2choire.[\/vc_column_text][\/vc_column_inner][vc_column_inner width=\u00a0\u00bb1\/2&Prime; css=\u00a0\u00bb.vc_custom_1494300928986{padding-left: 80px !important;}\u00a0\u00bb][vc_column_text]Les broches ne sont plus seulement pour les enfants. L\u2019alignement des dents peut \u00eatre corrig\u00e9 \u00e0 tout \u00e2ge si vos gencives et votre structure osseuse sont en bonne sant\u00e9.<\/p>\n<p>Nous offrons une vari\u00e9t\u00e9 de traitements con\u00e7us pour diff\u00e9rents groupes d&rsquo;\u00e2ge, y compris les adultes. D\u00e8s aujourd\u2019hui, vous pouvez construire le sourire de vos r\u00eaves.[\/vc_column_text][\/vc_column_inner][\/vc_row_inner][\/vc_column][\/vc_row][vc_row css_animation=\u00a0\u00bb\u00a0\u00bb row_type=\u00a0\u00bbrow\u00a0\u00bb use_row_as_full_screen_section=\u00a0\u00bbno\u00a0\u00bb type=\u00a0\u00bbfull_width\u00a0\u00bb angled_section=\u00a0\u00bbno\u00a0\u00bb text_align=\u00a0\u00bbleft\u00a0\u00bb background_image_as_pattern=\u00a0\u00bbwithout_pattern\u00a0\u00bb css=\u00a0\u00bb.vc_custom_1494294113014{background-color: #f6f6f6 !important;}\u00a0\u00bb][vc_column][vc_row_inner row_type=\u00a0\u00bbrow\u00a0\u00bb type=\u00a0\u00bbfull_width\u00a0\u00bb text_align=\u00a0\u00bbleft\u00a0\u00bb css_animation=\u00a0\u00bb\u00a0\u00bb][vc_column_inner][vc_column_text]<\/p>\n<table class=\"table_with_sidePic\">\n<tbody>\n<tr>\n<td class=\"sidePic\" style=\"width: 50%; background-image: url('https:\/\/atelierortho.com\/wp-content\/uploads\/2017\/05\/adult_Treatments_2.jpg'); background-size: cover; background-position: center;\"><\/td>\n<td class=\"sideText\" style=\"width: 50%;\">\n<div class=\"sideText_inner\">\n<p><strong>Bonne nouvelle!<\/strong> Les nouvelles techniques et appareils que nous utilisons r\u00e9duisent consid\u00e9rablement les niveaux d&rsquo;inconfort, diminuent la fr\u00e9quence des rendez-vous, r\u00e9duisent le temps de traitement et vous permettent de choisir parmi plusieurs options.<\/p>\n<p>Vos options peuvent \u00eatre parmi des broches m\u00e9talliques, Invisalign ou des aligneurs sans bandes transparents qui peuvent \u00eatre port\u00e9s pour repositionner progressivement vos dents.<\/p>\n<p>Au cours du premier examen, nous pourrons d\u00e9terminer le meilleur traitement possible pour vos propres besoins. Au cours de cet examen initial, nous pouvons d\u00e9crire le plan de traitement, la dur\u00e9e du traitement et un estim\u00e9 des frais.<\/p>\n<p>Un grand pourcentage de nos patients sont adultes et ils ont confirm\u00e9 qu&rsquo;il n&rsquo;est jamais trop tard pour am\u00e9liorer leur plus grand atout : leur sourire.<\/p>\n<\/div>\n<\/td>\n<\/tr>\n<\/tbody>\n<\/table>\n<p>[\/vc_column_text][\/vc_column_inner][\/vc_row_inner][\/vc_column][\/vc_row][vc_row css_animation=\u00a0\u00bb\u00a0\u00bb row_type=\u00a0\u00bbrow\u00a0\u00bb use_row_as_full_screen_section=\u00a0\u00bbno\u00a0\u00bb type=\u00a0\u00bbfull_width\u00a0\u00bb angled_section=\u00a0\u00bbno\u00a0\u00bb text_align=\u00a0\u00bbleft\u00a0\u00bb background_image_as_pattern=\u00a0\u00bbwithout_pattern\u00a0\u00bb css=\u00a0\u00bb.vc_custom_1494294460642{padding-top: 80px !important;padding-bottom: 80px !important;background-color: #ffffff !important;}\u00a0\u00bb][vc_column][vc_row_inner row_type=\u00a0\u00bbrow\u00a0\u00bb type=\u00a0\u00bbgrid\u00a0\u00bb text_align=\u00a0\u00bbleft\u00a0\u00bb css_animation=\u00a0\u00bb\u00a0\u00bb][vc_column_inner width=\u00a0\u00bb1\/2&Prime; css=\u00a0\u00bb.vc_custom_1494294513247{padding-right: 40px !important;}\u00a0\u00bb][vc_column_text]<\/p>\n<h5>Plus Qu\u2019un Beau Sourire<\/h5>\n<p>Sans sous-estimer l\u2019importance d\u2019un beau sourire, l\u2019orthodontiste vise un autre objectif aussi important; l\u2019am\u00e9lioration de la sant\u00e9 de vos dents et gencives. Saviez-vous qu\u2019une mauvaise occlusion (contact des dents sup\u00e9rieurs et inf\u00e9rieurs) ainsi que des dents chevauch\u00e9es peuvent affecter autant votre sant\u00e9 dentaire que les articulations de votre m\u00e2choire (A.T.M.)?<\/p>\n<p>Les dents chevauch\u00e9es sont difficiles \u00e0 nettoyer; elles peuvent carier, favoriser des maladies de gencives et \u00eatres perdues plus facilement. Une mauvaise occlusion peut aussi acc\u00e9l\u00e9rer l\u2019usure des dents, la d\u00e9t\u00e9rioration des gencives et engendrer des difficult\u00e9s de mastication. Elle peut aussi causes des maux de t\u00eate et des douleurs aux articulations de la m\u00e2choire (A.T.M.).<\/p>\n<p>Les probl\u00e8mes d\u2019orthodontie s\u2019aggravent lorsque n\u00e9glig\u00e9s. Le traitement d\u2019orthodontie h\u00e2tif chez un sp\u00e9cialiste sera souvent beaucoup moins couteux que les soins dentaires complexes requis, suite a la d\u00e9t\u00e9rioration progressive de l\u2019\u00e9tat de la bouche.[\/vc_column_text][\/vc_column_inner][vc_column_inner width=\u00a0\u00bb1\/2&Prime; css=\u00a0\u00bb.vc_custom_1494298179737{padding-right: 40px !important;padding-left: 80px !important;}\u00a0\u00bb][vc_column_text]<\/p>\n<h5>Les Appareils et Votre Style de Vie<\/h5>\n<p>Vous vous demandez si ces appareils modifieront votre vie? Absolument pas! Vous continuerez vos activit\u00e9s pr\u00e9f\u00e9r\u00e9es; chanter, jouer un instrument de music, aller au restaurant, assister aux spectacles, embrasser et m\u00eame \u00eatre photographi\u00e9.<\/p>\n<p>Se priver de gomme a m\u00e2cher, de caramels, ou de noix sera un inconv\u00e9nient vite oubli\u00e9. Vos dents pourraient \u00eatre sensibles pendant quelques jours suite \u00e0 un ajustement de vos appareils. Cependant les plus r\u00e9cents progr\u00e8s techniques permettent a votre orthodontiste de vous proposer des appareils plus confortables et plus esth\u00e9tiques tout en r\u00e9duisant la fr\u00e9quence des rendez-vous et la dur\u00e9e du traitement.[\/vc_column_text][\/vc_column_inner][\/vc_row_inner][\/vc_column][\/vc_row][vc_row css_animation=\u00a0\u00bb\u00a0\u00bb row_type=\u00a0\u00bbrow\u00a0\u00bb use_row_as_full_screen_section=\u00a0\u00bbno\u00a0\u00bb type=\u00a0\u00bbfull_width\u00a0\u00bb angled_section=\u00a0\u00bbno\u00a0\u00bb text_align=\u00a0\u00bbleft\u00a0\u00bb background_image_as_pattern=\u00a0\u00bbwithout_pattern\u00a0\u00bb css=\u00a0\u00bb.vc_custom_1494294113014{background-color: #f6f6f6 !important;}\u00a0\u00bb][vc_column][vc_row_inner row_type=\u00a0\u00bbrow\u00a0\u00bb type=\u00a0\u00bbfull_width\u00a0\u00bb text_align=\u00a0\u00bbleft\u00a0\u00bb css_animation=\u00a0\u00bb\u00a0\u00bb][vc_column_inner][vc_column_text]<\/p>\n<table class=\"table_with_sidePic\">\n<tbody>\n<tr>\n<td class=\"sideText\" style=\"width: 50%;\">\n<div class=\"sideText_inner\" style=\"float: right;\">\n<h5>Un Choix Important<\/h5>\n<p>Entreprendre un traitement orthodontique est une d\u00e9cision importante, sp\u00e9cialement pour l\u2019adulte. Le choix du sp\u00e9cialiste a qui vous confierez la modification permanente de vos dents et m\u00eame de votre visage, est tout aussi important.<\/p>\n<p>Les orthodontistes utilisent les techniques de pointe et, parce qu\u2019ils limitent leur activit\u00e9 professionnelle exclusivement a la pratique de leur sp\u00e9cialit\u00e9s, ils sont en mesure de vois faire profiter de leur efficacit\u00e9. Guides par leur formation et leur exp\u00e9rience, ils choisissent les meilleurs produits et m\u00e9thodes pour corriger votre probl\u00e8me.<\/p>\n<\/div>\n<\/td>\n<td class=\"sidePic\" style=\"width: 50%; background-image: url('https:\/\/atelierortho.com\/wp-content\/uploads\/2017\/05\/adult_treatments_3.jpg'); background-size: cover; background-position: center;\"><\/td>\n<\/tr>\n<\/tbody>\n<\/table>\n<p>[\/vc_column_text][\/vc_column_inner][\/vc_row_inner][\/vc_column][\/vc_row][vc_row css_animation=\u00a0\u00bb\u00a0\u00bb row_type=\u00a0\u00bbrow\u00a0\u00bb use_row_as_full_screen_section=\u00a0\u00bbno\u00a0\u00bb type=\u00a0\u00bbfull_width\u00a0\u00bb angled_section=\u00a0\u00bbno\u00a0\u00bb text_align=\u00a0\u00bbleft\u00a0\u00bb background_image_as_pattern=\u00a0\u00bbwithout_pattern\u00a0\u00bb css=\u00a0\u00bb.vc_custom_1493734435630{padding-top: 75px !important;padding-bottom: 75px !important;}\u00a0\u00bb el_class=\u00a0\u00bbgradient_bg\u00a0\u00bb][vc_column][vc_row_inner row_type=\u00a0\u00bbrow\u00a0\u00bb type=\u00a0\u00bbfull_width\u00a0\u00bb text_align=\u00a0\u00bbcenter\u00a0\u00bb css_animation=\u00a0\u00bb\u00a0\u00bb el_class=\u00a0\u00bbwhite_text\u00a0\u00bb][vc_column_inner width=\u00a0\u00bb1\/6&Prime;][\/vc_column_inner][vc_column_inner width=\u00a0\u00bb2\/3&Prime;][vc_column_text]<\/p>\n<h3 style=\"text-align: center;\"><strong>Contactez-nous d\u00e8s aujourd\u2019hui pour entamer votre nouveau sourire!<\/strong><\/h3>\n<p>[\/vc_column_text][vc_empty_space height=\u00a0\u00bb15px\u00a0\u00bb]<a  itemprop=\"url\" href=\"https:\/\/atelierortho.com\/fr\/traitements\/\" target=\"_self\" data-hover-background-color=\"#f6f6f6\" class=\"qbutton  white default\" style=\"margin: 15px 10px; background-color:#ffffff;\">Traitements disponibles<\/a><a id=\"consultation\" itemprop=\"url\" href=\"\" target=\"_self\" data-hover-background-color=\"#f6f6f6\" class=\"qbutton  white default\" style=\"margin: 15px 10px; background-color:#ffffff;\">Demande de consultation<\/a>[\/vc_column_inner][vc_column_inner width=\u00a0\u00bb1\/6&Prime;][\/vc_column_inner][\/vc_row_inner][\/vc_column][\/vc_row]<\/p>\n<\/div>","protected":false},"excerpt":{"rendered":"<p>[vc_row css_animation=\u00a0\u00bb\u00a0\u00bb row_type=\u00a0\u00bbrow\u00a0\u00bb use_row_as_full_screen_section=\u00a0\u00bbno\u00a0\u00bb type=\u00a0\u00bbfull_width\u00a0\u00bb angled_section=\u00a0\u00bbno\u00a0\u00bb text_align=\u00a0\u00bbleft\u00a0\u00bb background_image_as_pattern=\u00a0\u00bbwithout_pattern\u00a0\u00bb css=\u00a0\u00bb.vc_custom_1494294245035{background-color: #ffffff !important;}\u00a0\u00bb][vc_column][vc_row_inner row_type=\u00a0\u00bbrow\u00a0\u00bb type=\u00a0\u00bbgrid\u00a0\u00bb text_align=\u00a0\u00bbleft\u00a0\u00bb css_animation=\u00a0\u00bb\u00a0\u00bb css=\u00a0\u00bb.vc_custom_1494294265329{padding-top: 80px !important;padding-bottom: 80px !important;}\u00a0\u00bb][vc_column_inner width=\u00a0\u00bb1\/2&Prime;][vc_column_text]Le traitement orthodontique au stade ult\u00e9rieur de la vie peut consid\u00e9rablement am\u00e9liorer votre apparence personnelle et votre estime de soi. Une am\u00e9lioration de la sant\u00e9&#8230;<\/p>\n","protected":false},"author":1,"featured_media":0,"parent":536,"menu_order":0,"comment_status":"closed","ping_status":"closed","template":"full_width.php","meta":{"footnotes":""},"class_list":["post-548","page","type-page","status-publish","hentry"],"_links":{"self":[{"href":"https:\/\/atelierortho.com\/fr\/wp-json\/wp\/v2\/pages\/548","targetHints":{"allow":["GET"]}}],"collection":[{"href":"https:\/\/atelierortho.com\/fr\/wp-json\/wp\/v2\/pages"}],"about":[{"href":"https:\/\/atelierortho.com\/fr\/wp-json\/wp\/v2\/types\/page"}],"author":[{"embeddable":true,"href":"https:\/\/atelierortho.com\/fr\/wp-json\/wp\/v2\/users\/1"}],"replies":[{"embeddable":true,"href":"https:\/\/atelierortho.com\/fr\/wp-json\/wp\/v2\/comments?post=548"}],"version-history":[{"count":3,"href":"https:\/\/atelierortho.com\/fr\/wp-json\/wp\/v2\/pages\/548\/revisions"}],"predecessor-version":[{"id":672,"href":"https:\/\/atelierortho.com\/fr\/wp-json\/wp\/v2\/pages\/548\/revisions\/672"}],"up":[{"embeddable":true,"href":"https:\/\/atelierortho.com\/fr\/wp-json\/wp\/v2\/pages\/536"}],"wp:attachment":[{"href":"https:\/\/atelierortho.com\/fr\/wp-json\/wp\/v2\/media?parent=548"}],"curies":[{"name":"wp","href":"https:\/\/api.w.org\/{rel}","templated":true}]}}