{"id":797,"date":"2019-01-21T16:17:16","date_gmt":"2019-01-21T21:17:16","guid":{"rendered":"https:\/\/atelierortho.com\/?page_id=797\/"},"modified":"2019-01-21T16:19:19","modified_gmt":"2019-01-21T21:19:19","slug":"icat-3d-x-ray","status":"publish","type":"page","link":"https:\/\/atelierortho.com\/fr\/traitements\/icat-3d-x-ray\/","title":{"rendered":"ICAT (3D X-ray)"},"content":{"rendered":"<div class=\"wpb-content-wrapper\"><p>[vc_row css_animation=\u00a0\u00bb\u00a0\u00bb row_type=\u00a0\u00bbrow\u00a0\u00bb use_row_as_full_screen_section=\u00a0\u00bbno\u00a0\u00bb type=\u00a0\u00bbfull_width\u00a0\u00bb angled_section=\u00a0\u00bbno\u00a0\u00bb text_align=\u00a0\u00bbleft\u00a0\u00bb background_image_as_pattern=\u00a0\u00bbwithout_pattern\u00a0\u00bb css=\u00a0\u00bb.vc_custom_1494294245035{background-color: #ffffff !important;}\u00a0\u00bb][vc_column][vc_row_inner row_type=\u00a0\u00bbrow\u00a0\u00bb type=\u00a0\u00bbgrid\u00a0\u00bb text_align=\u00a0\u00bbleft\u00a0\u00bb css_animation=\u00a0\u00bb\u00a0\u00bb css=\u00a0\u00bb.vc_custom_1496964747305{padding-top: 80px !important;padding-bottom: 50px !important;}\u00a0\u00bb][vc_column_inner width=\u00a0\u00bb1\/2&Prime;][vc_empty_space height=\u00a0\u00bb30px\u00a0\u00bb][vc_column_text]La technologie du <em>i-CAT FLX<\/em> est particuli\u00e8rement b\u00e9n\u00e9fique pour les implants, les proth\u00e8ses, les interventions chirurgicales buccales et maxillofaciales, l\u2019orthodontie, la p\u00e9riodontie, l\u2019endodontie ainsi que l\u2019analyse de l\u2019articulation maxillaire et des voies respiratoires.[\/vc_column_text][vc_empty_space height=\u00a0\u00bb30px\u00a0\u00bb][\/vc_column_inner][vc_column_inner width=\u00a0\u00bb1\/2&Prime;][vc_empty_space height=\u00a0\u00bb30px\u00a0\u00bb][vc_single_image image=\u00a0\u00bb759&Prime; img_size=\u00a0\u00bbfull\u00a0\u00bb alignment=\u00a0\u00bbcenter\u00a0\u00bb qode_css_animation=\u00a0\u00bb\u00a0\u00bb el_class=\u00a0\u00bbtreatment_icon_inner\u00a0\u00bb][vc_empty_space height=\u00a0\u00bb30px\u00a0\u00bb][\/vc_column_inner][\/vc_row_inner][\/vc_column][\/vc_row][vc_row css_animation=\u00a0\u00bb\u00a0\u00bb row_type=\u00a0\u00bbrow\u00a0\u00bb use_row_as_full_screen_section=\u00a0\u00bbno\u00a0\u00bb type=\u00a0\u00bbfull_width\u00a0\u00bb angled_section=\u00a0\u00bbno\u00a0\u00bb text_align=\u00a0\u00bbleft\u00a0\u00bb background_image_as_pattern=\u00a0\u00bbwithout_pattern\u00a0\u00bb css=\u00a0\u00bb.vc_custom_1494294113014{background-color: #f6f6f6 !important;}\u00a0\u00bb][vc_column][vc_row_inner row_type=\u00a0\u00bbrow\u00a0\u00bb type=\u00a0\u00bbfull_width\u00a0\u00bb text_align=\u00a0\u00bbleft\u00a0\u00bb css_animation=\u00a0\u00bb\u00a0\u00bb][vc_column_inner][vc_column_text]<\/p>\n<table class=\"table_with_sidePic\">\n<tbody>\n<tr>\n<td class=\"sidePic\" style=\"width: 50%; background-image: url('https:\/\/atelierortho.com\/wp-content\/uploads\/2019\/01\/icat_machine.png'); background-size: cover; background-position: center;\"><strong>\u00a0<\/strong><\/td>\n<td class=\"sideText\" style=\"width: 50%;\">\n<div class=\"sideText_inner\">\n<h5>IMAGERIE 3D PAR FAISCEAU CONIQUE RECONNUE ET R\u00c9COMPENS\u00c9E<\/h5>\n<p>Offrant une clart\u00e9 optimale, une simplicit\u00e9 d\u2019utilisation et un excellent contr\u00f4le, le champ de vision du syst\u00e8me i-CAT FLX peut d\u00e9sormais \u00eatre am\u00e9lior\u00e9 en fonction des types d\u2019interventions offertes \u00e0 votre cabinet. Cette flexibilit\u00e9 peut r\u00e9volutionner votre pratique en vous permettant d\u2019effectuer des diagnostiques plus pr\u00e9cis et d\u2019assurer une meilleure pr\u00e9visibilit\u00e9 chirurgicale.<\/p>\n<p class=\"p1\">\n<\/div>\n<\/td>\n<\/tr>\n<\/tbody>\n<\/table>\n<p>[\/vc_column_text][\/vc_column_inner][\/vc_row_inner][\/vc_column][\/vc_row][vc_row css_animation=\u00a0\u00bb\u00a0\u00bb row_type=\u00a0\u00bbrow\u00a0\u00bb use_row_as_full_screen_section=\u00a0\u00bbno\u00a0\u00bb type=\u00a0\u00bbfull_width\u00a0\u00bb angled_section=\u00a0\u00bbno\u00a0\u00bb text_align=\u00a0\u00bbleft\u00a0\u00bb background_image_as_pattern=\u00a0\u00bbwithout_pattern\u00a0\u00bb css=\u00a0\u00bb.vc_custom_1494294460642{padding-top: 80px !important;padding-bottom: 80px !important;background-color: #ffffff !important;}\u00a0\u00bb][vc_column][vc_row_inner row_type=\u00a0\u00bbrow\u00a0\u00bb type=\u00a0\u00bbgrid\u00a0\u00bb text_align=\u00a0\u00bbleft\u00a0\u00bb css_animation=\u00a0\u00bb\u00a0\u00bb][vc_column_inner width=\u00a0\u00bb1\/6&Prime; css=\u00a0\u00bb.vc_custom_1494294513247{padding-right: 40px !important;}\u00a0\u00bb][\/vc_column_inner][vc_column_inner width=\u00a0\u00bb2\/3&Prime;][vc_column_text]<\/p>\n<h5 style=\"text-align: center;\">LA PHILOSOPHIE I-CAT<\/h5>\n<p class=\"p1\" style=\"text-align: center;\">Combinant une technologie d\u2019imagerie 3D par faisceau conique hautement pr\u00e9cise \u00e0 un champ de vision pouvant \u00eatre am\u00e9lior\u00e9 en fonction du type d\u2019intervention ainsi que des outils logiciels flexibles de planification et de traitement, la s\u00e9rie i-CAT FLX offre un ensemble complet de solutions afin de r\u00e9pondre aux besoins de votre cabinet.<\/p>\n<p>[\/vc_column_text][vc_empty_space][\/vc_column_inner][vc_column_inner width=\u00a0\u00bb1\/6&Prime;][\/vc_column_inner][\/vc_row_inner][vc_row_inner row_type=\u00a0\u00bbrow\u00a0\u00bb type=\u00a0\u00bbgrid\u00a0\u00bb text_align=\u00a0\u00bbleft\u00a0\u00bb css_animation=\u00a0\u00bb\u00a0\u00bb][vc_column_inner width=\u00a0\u00bb1\/3&Prime;][vc_single_image image=\u00a0\u00bb769&Prime; img_size=\u00a0\u00bbfull\u00a0\u00bb alignment=\u00a0\u00bbcenter\u00a0\u00bb qode_css_animation=\u00a0\u00bb\u00a0\u00bb][vc_empty_space][vc_column_text]<\/p>\n<h5 style=\"text-align: center;\"><strong>SCANNER<\/strong><\/h5>\n<p class=\"p1\" style=\"text-align: center;\">Avec le i-CAT, pas besoin de faire de compromis entre la qualit\u00e9 de l\u2019image et la s\u00e9curit\u00e9 du patient. L\u2019imagerie volum\u00e9trique haute r\u00e9solution offre des r\u00e9sultats tridimensionnels complets pour une analyse plus approfondie de la structure osseuse et de l\u2019orientation des dents, tandis que les options de scan flexibles vous permettent de contr\u00f4ler la dose et de respecter les protocoles ALARA (en \u00e9mettant les radiations les plus faibles qu\u2019il soit raisonnablement possible d\u2019atteindre).<\/p>\n<p>[\/vc_column_text][\/vc_column_inner][vc_column_inner width=\u00a0\u00bb1\/3&Prime;][vc_single_image image=\u00a0\u00bb781&Prime; img_size=\u00a0\u00bbfull\u00a0\u00bb alignment=\u00a0\u00bbcenter\u00a0\u00bb qode_css_animation=\u00a0\u00bb\u00a0\u00bb][vc_empty_space][vc_column_text]<\/p>\n<h5 style=\"text-align: center;\"><strong>PLANNIFIER<\/strong><\/h5>\n<p class=\"p1\" style=\"text-align: center;\">Plus qu\u2019un simple scanner, le i-CAT inclut des outils de planification et de traitement \u00e0 la fois puissants et faciles \u00e0 utiliser afin de vous aider \u00e0 prendre en charge votre pratique. Con\u00e7u pour simplifier le d\u00e9roulement de vos op\u00e9rations, le i-CAT vous aide \u00e0 passer du scan \u00e0 la consultation puis \u00e0 la planification du traitement en moins de 90 secondes.<\/p>\n<p>[\/vc_column_text][\/vc_column_inner][vc_column_inner width=\u00a0\u00bb1\/3&Prime;][vc_single_image image=\u00a0\u00bb782&Prime; img_size=\u00a0\u00bbfull\u00a0\u00bb alignment=\u00a0\u00bbcenter\u00a0\u00bb qode_css_animation=\u00a0\u00bb\u00a0\u00bb][vc_empty_space][vc_column_text]<\/p>\n<h5 style=\"text-align: center;\"><strong>TRAITER<\/strong><\/h5>\n<p class=\"p1\" style=\"text-align: center;\">Commencez imm\u00e9diatement \u00e0 planifier et offrez un traitement efficace \u2013 des implants aux guides chirurgicaux en passant par les proth\u00e8ses. L\u2019architecture informatique ouverte du i-CAT s\u2019int\u00e8gre parfaitement aux syst\u00e8mes orthodontiques, aux programmes CAD\/CAM, aux logiciels d\u2019imagerie ainsi qu\u2019aux programmes de gestion, permettant ainsi \u00e0 votre pratique de b\u00e9n\u00e9ficier d\u2019une foule de capacit\u00e9s suppl\u00e9mentaires.<\/p>\n<p>[\/vc_column_text][\/vc_column_inner][\/vc_row_inner][\/vc_column][\/vc_row][vc_row css_animation=\u00a0\u00bb\u00a0\u00bb row_type=\u00a0\u00bbrow\u00a0\u00bb use_row_as_full_screen_section=\u00a0\u00bbno\u00a0\u00bb type=\u00a0\u00bbfull_width\u00a0\u00bb angled_section=\u00a0\u00bbno\u00a0\u00bb text_align=\u00a0\u00bbleft\u00a0\u00bb background_image_as_pattern=\u00a0\u00bbwithout_pattern\u00a0\u00bb css=\u00a0\u00bb.vc_custom_1494294113014{background-color: #f6f6f6 !important;}\u00a0\u00bb][vc_column][vc_row_inner row_type=\u00a0\u00bbrow\u00a0\u00bb type=\u00a0\u00bbfull_width\u00a0\u00bb text_align=\u00a0\u00bbleft\u00a0\u00bb css_animation=\u00a0\u00bb\u00a0\u00bb][vc_column_inner][vc_column_text]<\/p>\n<table class=\"table_with_sidePic\">\n<tbody>\n<tr>\n<td class=\"sideText\" style=\"width: 50%;\">\n<div class=\"sideText_inner\" style=\"float: right;\">\n<h5>FLEXIBILIT\u00c9 ET SIMPLICIT\u00c9<\/h5>\n<ul>\n<li>Imagerie 3D compl\u00e8te \u00e0 une dose comparable aux radiographies panoramiques 2D gr\u00e2ce \u00e0 <strong>QuickScan+*<\/strong><\/li>\n<li>La technologie d\u2019imagerie avanc\u00e9e <strong>PureScan\u2122<\/strong> produit les images 3D et 2D les plus claires du syst\u00e8me i-CAT<\/li>\n<li><strong>Le syst\u00e8me de stabilit\u00e9 ergonomique<\/strong> permet un positionnement facile du patient assis, con\u00e7u pour minimiser le mouvement et \u00e9viter les reprises et l\u2019exposition inutile \u00e0 la radiation<\/li>\n<\/ul>\n<\/div>\n<\/td>\n<td class=\"sidePic\" style=\"width: 50%; background-image: url('https:\/\/atelierortho.com\/wp-content\/uploads\/2019\/01\/SCAN.png'); background-size: cover; background-position: center;\"><\/td>\n<\/tr>\n<\/tbody>\n<\/table>\n<p>[\/vc_column_text][\/vc_column_inner][\/vc_row_inner][vc_row_inner row_type=\u00a0\u00bbrow\u00a0\u00bb type=\u00a0\u00bbfull_width\u00a0\u00bb text_align=\u00a0\u00bbleft\u00a0\u00bb css_animation=\u00a0\u00bb\u00a0\u00bb][vc_column_inner][vc_column_text]<\/p>\n<table class=\"table_with_sidePic\">\n<tbody>\n<tr>\n<td class=\"sidePic\" style=\"width: 50%; background-image: url('https:\/\/atelierortho.com\/wp-content\/uploads\/2019\/01\/Screen-Shot-2019-01-14-at-7.21.46-PM.png'); background-size: cover; background-position: center;\"><strong>\u00a0<\/strong><\/td>\n<td class=\"sideText\" style=\"width: 50%;\">\n<div class=\"sideText_inner\">\n<h5>LOGICIEL DE PLANIFICATION DU TRAITEMENT OPTIMIS\u00c9<\/h5>\n<p>Con\u00e7u exclusivement pour le i-CAT avec Anatomage, Tx STUDIO produit le meilleur en termes de logiciel d\u2019imagerie anatomique et de technologie d\u2019imagerie 3D par faisceau conique. Le logiciel est con\u00e7u pour un syst\u00e8me 3D qui am\u00e9liore l\u2019efficacit\u00e9 de votre pratique en offrant un acc\u00e8s imm\u00e9diat aux outils de traitement int\u00e9gr\u00e9s pour la planification d\u2019un implant, de guides chirurgicaux et autres applications.<\/p>\n<p>En utilisant la s\u00e9rie V du i-CAT FLX, les praticiens sont maintenant en mesure de s\u00e9lectionner la taille du champ de vision la mieux adapt\u00e9e aux interventions effectu\u00e9es. Ceci permet \u00e0 tous les types de professionnels du milieu dentaire de tirer parti de la technologie du i-CAT FLX.<\/p>\n<\/div>\n<\/td>\n<\/tr>\n<\/tbody>\n<\/table>\n<p>[\/vc_column_text][\/vc_column_inner][\/vc_row_inner][\/vc_column][\/vc_row][vc_row css_animation=\u00a0\u00bb\u00a0\u00bb row_type=\u00a0\u00bbrow\u00a0\u00bb use_row_as_full_screen_section=\u00a0\u00bbno\u00a0\u00bb type=\u00a0\u00bbfull_width\u00a0\u00bb angled_section=\u00a0\u00bbno\u00a0\u00bb text_align=\u00a0\u00bbleft\u00a0\u00bb background_image_as_pattern=\u00a0\u00bbwithout_pattern\u00a0\u00bb css=\u00a0\u00bb.vc_custom_1493734435630{padding-top: 75px !important;padding-bottom: 75px !important;}\u00a0\u00bb el_class=\u00a0\u00bbgradient_bg\u00a0\u00bb][vc_column][vc_row_inner row_type=\u00a0\u00bbrow\u00a0\u00bb type=\u00a0\u00bbfull_width\u00a0\u00bb text_align=\u00a0\u00bbcenter\u00a0\u00bb css_animation=\u00a0\u00bb\u00a0\u00bb el_class=\u00a0\u00bbwhite_text\u00a0\u00bb][vc_column_inner width=\u00a0\u00bb1\/6&Prime;][\/vc_column_inner][vc_column_inner width=\u00a0\u00bb2\/3&Prime;][vc_column_text]<\/p>\n<h3 style=\"text-align: center;\"><strong>Contactez-nous d\u00e8s aujourd\u2019hui pour entamer\u00a0votre nouveau sourire!<\/strong><\/h3>\n<p>[\/vc_column_text][vc_empty_space height=\u00a0\u00bb15px\u00a0\u00bb]<a  itemprop=\"url\" href=\"https:\/\/atelierortho.com\/fr\/traitements\/\" target=\"_self\" data-hover-background-color=\"#f6f6f6\" class=\"qbutton  white default\" style=\"margin: 15px 10px; background-color:#ffffff;\">Traitements disponibles<\/a><a id=\"consultation\" itemprop=\"url\" href=\"\" target=\"_self\" data-hover-background-color=\"#f6f6f6\" class=\"qbutton  white default\" style=\"margin: 15px 10px; background-color:#ffffff;\">Demande de consultation<\/a>[\/vc_column_inner][vc_column_inner width=\u00a0\u00bb1\/6&Prime;][\/vc_column_inner][\/vc_row_inner][\/vc_column][\/vc_row]<\/p>\n<\/div>","protected":false},"excerpt":{"rendered":"<p>[vc_row css_animation=\u00a0\u00bb\u00a0\u00bb row_type=\u00a0\u00bbrow\u00a0\u00bb use_row_as_full_screen_section=\u00a0\u00bbno\u00a0\u00bb type=\u00a0\u00bbfull_width\u00a0\u00bb angled_section=\u00a0\u00bbno\u00a0\u00bb text_align=\u00a0\u00bbleft\u00a0\u00bb background_image_as_pattern=\u00a0\u00bbwithout_pattern\u00a0\u00bb css=\u00a0\u00bb.vc_custom_1494294245035{background-color: #ffffff !important;}\u00a0\u00bb][vc_column][vc_row_inner row_type=\u00a0\u00bbrow\u00a0\u00bb type=\u00a0\u00bbgrid\u00a0\u00bb text_align=\u00a0\u00bbleft\u00a0\u00bb css_animation=\u00a0\u00bb\u00a0\u00bb css=\u00a0\u00bb.vc_custom_1496964747305{padding-top: 80px !important;padding-bottom: 50px !important;}\u00a0\u00bb][vc_column_inner width=\u00a0\u00bb1\/2&Prime;][vc_empty_space height=\u00a0\u00bb30px\u00a0\u00bb][vc_column_text]La technologie du i-CAT FLX est particuli\u00e8rement b\u00e9n\u00e9fique pour les implants, les proth\u00e8ses, les interventions chirurgicales buccales et maxillofaciales, l\u2019orthodontie, la p\u00e9riodontie, l\u2019endodontie ainsi&#8230;<\/p>\n","protected":false},"author":1,"featured_media":0,"parent":536,"menu_order":0,"comment_status":"closed","ping_status":"closed","template":"full_width.php","meta":{"footnotes":""},"class_list":["post-797","page","type-page","status-publish","hentry"],"_links":{"self":[{"href":"https:\/\/atelierortho.com\/fr\/wp-json\/wp\/v2\/pages\/797","targetHints":{"allow":["GET"]}}],"collection":[{"href":"https:\/\/atelierortho.com\/fr\/wp-json\/wp\/v2\/pages"}],"about":[{"href":"https:\/\/atelierortho.com\/fr\/wp-json\/wp\/v2\/types\/page"}],"author":[{"embeddable":true,"href":"https:\/\/atelierortho.com\/fr\/wp-json\/wp\/v2\/users\/1"}],"replies":[{"embeddable":true,"href":"https:\/\/atelierortho.com\/fr\/wp-json\/wp\/v2\/comments?post=797"}],"version-history":[{"count":3,"href":"https:\/\/atelierortho.com\/fr\/wp-json\/wp\/v2\/pages\/797\/revisions"}],"predecessor-version":[{"id":804,"href":"https:\/\/atelierortho.com\/fr\/wp-json\/wp\/v2\/pages\/797\/revisions\/804"}],"up":[{"embeddable":true,"href":"https:\/\/atelierortho.com\/fr\/wp-json\/wp\/v2\/pages\/536"}],"wp:attachment":[{"href":"https:\/\/atelierortho.com\/fr\/wp-json\/wp\/v2\/media?parent=797"}],"curies":[{"name":"wp","href":"https:\/\/api.w.org\/{rel}","templated":true}]}}